{"id":4535,"date":"2026-03-25T07:30:15","date_gmt":"2026-03-25T06:30:15","guid":{"rendered":"https:\/\/quantia.es\/?page_id=4368"},"modified":"2026-05-04T14:54:43","modified_gmt":"2026-05-04T12:54:43","slug":"politicas-corporativas","status":"publish","type":"page","link":"https:\/\/quantia.es\/en\/politicas-corporativas\/","title":{"rendered":"Pol\u00edticas corporativas"},"content":{"rendered":"\t\t<div data-elementor-type=\"wp-page\" data-elementor-id=\"4535\" class=\"elementor elementor-4535\" data-elementor-post-type=\"page\">\n\t\t\t\t<div class=\"elementor-element elementor-element-16d8356 e-flex e-con-boxed e-con e-parent\" data-id=\"16d8356\" data-element_type=\"container\" data-e-type=\"container\">\n\t\t\t\t\t<div class=\"e-con-inner\">\n\t\t<div class=\"elementor-element elementor-element-b1e4e53 e-con-full e-flex elementor-invisible e-con e-child\" data-id=\"b1e4e53\" data-element_type=\"container\" data-e-type=\"container\" data-settings=\"{&quot;animation&quot;:&quot;fadeIn&quot;}\">\n\t\t\t\t<div class=\"elementor-element elementor-element-754811b elementor-widget elementor-widget-heading\" data-id=\"754811b\" data-element_type=\"widget\" data-e-type=\"widget\" data-widget_type=\"heading.default\">\n\t\t\t\t\t<h1 class=\"elementor-heading-title elementor-size-default\">Gobierno corporativo: pol\u00edticas, c\u00f3digos y normativa<\/h1>\t\t\t\t<\/div>\n\t\t<div class=\"elementor-element elementor-element-52613d1 e-con-full e-flex e-con e-child\" data-id=\"52613d1\" data-element_type=\"container\" data-e-type=\"container\">\n\t\t\t\t<div class=\"elementor-element elementor-element-417cd52 elementor-widget__width-initial elementor-widget elementor-widget-text-editor\" data-id=\"417cd52\" data-element_type=\"widget\" data-e-type=\"widget\" data-widget_type=\"text-editor.default\">\n\t\t\t\t\t\t\t\t\t<p><span data-teams=\"true\">En Quantia, la transparencia es el eje de nuestra operaci\u00f3n. Aqu\u00ed puedes consultar y descargar los documentos que garantizan una gesti\u00f3n responsable, \u00e9tica y transparente de nuestra organizaci\u00f3n.<\/span><\/p><p><span data-teams=\"true\">Estos documentos recogen nuestras pol\u00edticas corporativas, nuestro C\u00f3digo \u00c9tico y otros marcos de referencia que definen c\u00f3mo tomamos decisiones y nos relacionamos con nuestros grupos de inter\u00e9s<\/span><\/p>\t\t\t\t\t\t\t\t<\/div>\n\t\t\t\t<\/div>\n\t\t\t\t<\/div>\n\t\t<div class=\"elementor-element elementor-element-1221ede e-con-full e-flex elementor-invisible e-con e-child\" data-id=\"1221ede\" data-element_type=\"container\" data-e-type=\"container\" data-settings=\"{&quot;animation&quot;:&quot;fadeIn&quot;,&quot;animation_delay&quot;:200}\">\n\t\t<div class=\"elementor-element elementor-element-486ca51 e-con-full e-flex e-con e-child\" data-id=\"486ca51\" data-element_type=\"container\" data-e-type=\"container\">\n\t\t<div class=\"elementor-element elementor-element-5d7a022 e-con-full e-flex e-con e-child\" data-id=\"5d7a022\" data-element_type=\"container\" data-e-type=\"container\" data-settings=\"{&quot;background_background&quot;:&quot;classic&quot;}\">\n\t\t\t\t<div class=\"elementor-element elementor-element-fe856a2 elementor-widget elementor-widget-image\" data-id=\"fe856a2\" data-element_type=\"widget\" data-e-type=\"widget\" data-widget_type=\"image.default\">\n\t\t\t\t\t\t\t\t\t\t\t\t\t\t\t<img fetchpriority=\"high\" decoding=\"async\" width=\"753\" height=\"530\" src=\"https:\/\/quantia.es\/wp-content\/uploads\/2026\/04\/Codigo-etico.webp\" class=\"attachment-large size-large wp-image-4543\" alt=\"\" srcset=\"https:\/\/quantia.es\/wp-content\/uploads\/2026\/04\/Codigo-etico.webp 753w, https:\/\/quantia.es\/wp-content\/uploads\/2026\/04\/Codigo-etico-300x211.webp 300w, https:\/\/quantia.es\/wp-content\/uploads\/2026\/04\/Codigo-etico-18x12.png 18w\" sizes=\"(max-width: 753px) 100vw, 753px\" \/>\t\t\t\t\t\t\t\t\t\t\t\t\t\t\t<\/div>\n\t\t\t\t<\/div>\n\t\t<div class=\"elementor-element elementor-element-6c96c06 e-con-full e-flex e-con e-child\" data-id=\"6c96c06\" data-element_type=\"container\" data-e-type=\"container\" data-settings=\"{&quot;background_background&quot;:&quot;classic&quot;}\">\n\t\t\t\t<div class=\"elementor-element elementor-element-b0ab518 elementor-widget elementor-widget-image\" data-id=\"b0ab518\" data-element_type=\"widget\" data-e-type=\"widget\" data-widget_type=\"image.default\">\n\t\t\t\t\t\t\t\t\t\t\t\t\t\t\t<img decoding=\"async\" width=\"800\" height=\"800\" src=\"https:\/\/quantia.es\/wp-content\/uploads\/2026\/04\/Politicas-coportativas.webp\" class=\"attachment-large size-large wp-image-4541\" alt=\"\" srcset=\"https:\/\/quantia.es\/wp-content\/uploads\/2026\/04\/Politicas-coportativas.webp 1024w, https:\/\/quantia.es\/wp-content\/uploads\/2026\/04\/Politicas-coportativas-300x300.webp 300w, https:\/\/quantia.es\/wp-content\/uploads\/2026\/04\/Politicas-coportativas-150x150.png 150w, https:\/\/quantia.es\/wp-content\/uploads\/2026\/04\/Politicas-coportativas-768x768.png 768w, https:\/\/quantia.es\/wp-content\/uploads\/2026\/04\/Politicas-coportativas-12x12.png 12w\" sizes=\"(max-width: 800px) 100vw, 800px\" \/>\t\t\t\t\t\t\t\t\t\t\t\t\t\t\t<\/div>\n\t\t\t\t<\/div>\n\t\t<div class=\"elementor-element elementor-element-d5de47d e-con-full e-flex e-con e-child\" data-id=\"d5de47d\" data-element_type=\"container\" data-e-type=\"container\" data-settings=\"{&quot;background_background&quot;:&quot;classic&quot;}\">\n\t\t\t\t<div class=\"elementor-element elementor-element-b223476 elementor-widget elementor-widget-image\" data-id=\"b223476\" data-element_type=\"widget\" data-e-type=\"widget\" data-widget_type=\"image.default\">\n\t\t\t\t\t\t\t\t\t\t\t\t\t\t\t<img decoding=\"async\" width=\"100\" height=\"101\" src=\"https:\/\/quantia.es\/wp-content\/uploads\/2025\/09\/svg324.webp\" class=\"attachment-large size-large wp-image-3031\" alt=\"\" \/>\t\t\t\t\t\t\t\t\t\t\t\t\t\t\t<\/div>\n\t\t\t\t<\/div>\n\t\t\t\t<\/div>\n\t\t<div class=\"elementor-element elementor-element-087a069 e-con-full e-flex e-con e-child\" data-id=\"087a069\" data-element_type=\"container\" data-e-type=\"container\">\n\t\t\t\t<div class=\"elementor-element elementor-element-5976501 elementor-widget elementor-widget-image\" data-id=\"5976501\" data-element_type=\"widget\" data-e-type=\"widget\" data-widget_type=\"image.default\">\n\t\t\t\t\t\t\t\t\t\t\t\t\t\t\t<img loading=\"lazy\" decoding=\"async\" width=\"800\" height=\"447\" src=\"https:\/\/quantia.es\/wp-content\/uploads\/2026\/04\/download-2-1024x572.webp\" class=\"attachment-large size-large wp-image-4547\" alt=\"\" srcset=\"https:\/\/quantia.es\/wp-content\/uploads\/2026\/04\/download-2-1024x572.webp 1024w, https:\/\/quantia.es\/wp-content\/uploads\/2026\/04\/download-2-300x167.webp 300w, https:\/\/quantia.es\/wp-content\/uploads\/2026\/04\/download-2-768x429.png 768w, https:\/\/quantia.es\/wp-content\/uploads\/2026\/04\/download-2-18x10.png 18w, https:\/\/quantia.es\/wp-content\/uploads\/2026\/04\/download-2.webp 1376w\" sizes=\"(max-width: 800px) 100vw, 800px\" \/>\t\t\t\t\t\t\t\t\t\t\t\t\t\t\t<\/div>\n\t\t\t\t<div class=\"elementor-element elementor-element-0534a97 elementor-widget elementor-widget-image\" data-id=\"0534a97\" data-element_type=\"widget\" data-e-type=\"widget\" data-widget_type=\"image.default\">\n\t\t\t\t\t\t\t\t\t\t\t\t\t\t\t<img loading=\"lazy\" decoding=\"async\" width=\"800\" height=\"447\" src=\"https:\/\/quantia.es\/wp-content\/uploads\/2026\/04\/download-1024x572.webp\" class=\"attachment-large size-large wp-image-4545\" alt=\"\" srcset=\"https:\/\/quantia.es\/wp-content\/uploads\/2026\/04\/download-1024x572.webp 1024w, https:\/\/quantia.es\/wp-content\/uploads\/2026\/04\/download-300x167.webp 300w, https:\/\/quantia.es\/wp-content\/uploads\/2026\/04\/download-768x429.png 768w, https:\/\/quantia.es\/wp-content\/uploads\/2026\/04\/download-18x10.png 18w, https:\/\/quantia.es\/wp-content\/uploads\/2026\/04\/download.webp 1376w\" sizes=\"(max-width: 800px) 100vw, 800px\" \/>\t\t\t\t\t\t\t\t\t\t\t\t\t\t\t<\/div>\n\t\t\t\t<\/div>\n\t\t\t\t<\/div>\n\t\t\t\t\t<\/div>\n\t\t\t\t<\/div>\n\t\t<div class=\"elementor-element elementor-element-69f7980 e-flex e-con-boxed e-con e-parent\" data-id=\"69f7980\" data-element_type=\"container\" data-e-type=\"container\">\n\t\t\t\t\t<div class=\"e-con-inner\">\n\t\t\t\t<div class=\"elementor-element elementor-element-b4a561d elementor-widget elementor-widget-spacer\" data-id=\"b4a561d\" data-element_type=\"widget\" data-e-type=\"widget\" data-widget_type=\"spacer.default\">\n\t\t\t\t\t\t\t<div class=\"elementor-spacer\">\n\t\t\t<div class=\"elementor-spacer-inner\"><\/div>\n\t\t<\/div>\n\t\t\t\t\t\t<\/div>\n\t\t<div class=\"elementor-element elementor-element-84aa8f0 e-con-full e-flex e-con e-child\" data-id=\"84aa8f0\" data-element_type=\"container\" data-e-type=\"container\">\n\t\t<a class=\"elementor-element elementor-element-ce52067 e-con-full e-flex e-con e-child\" data-id=\"ce52067\" data-element_type=\"container\" data-e-type=\"container\" data-settings=\"{&quot;background_background&quot;:&quot;classic&quot;}\" href=\"http:\/\/quantia.es\/wp-content\/uploads\/2026\/04\/QIA_QMS_01_PoliticaCorporativa-260428-2.pdf\">\n\t\t<div class=\"elementor-element elementor-element-343b5be e-con-full e-flex e-con e-child\" data-id=\"343b5be\" data-element_type=\"container\" data-e-type=\"container\">\n\t\t\t\t<div class=\"elementor-element elementor-element-d8625cf elementor-widget elementor-widget-heading\" data-id=\"d8625cf\" data-element_type=\"widget\" data-e-type=\"widget\" data-widget_type=\"heading.default\">\n\t\t\t\t\t<h2 class=\"elementor-heading-title elementor-size-default\">Pol\u00edticas corporativas<\/h2>\t\t\t\t<\/div>\n\t\t\t\t<div class=\"elementor-element elementor-element-9b72e20 elementor-widget elementor-widget-text-editor\" data-id=\"9b72e20\" data-element_type=\"widget\" data-e-type=\"widget\" data-widget_type=\"text-editor.default\">\n\t\t\t\t\t\t\t\t\t<p><em>Marco de actuaci\u00f3n y compromiso.<\/em><\/p>\t\t\t\t\t\t\t\t<\/div>\n\t\t\t\t<div class=\"elementor-element elementor-element-3f0fe8f elementor-widget elementor-widget-text-editor\" data-id=\"3f0fe8f\" data-element_type=\"widget\" data-e-type=\"widget\" data-widget_type=\"text-editor.default\">\n\t\t\t\t\t\t\t\t\t<p data-start=\"120\" data-end=\"338\"><span data-teams=\"true\">Nuestras pol\u00edticas corporativas establecen los principios y compromisos que gu\u00edan la actividad de Quantia. Recogen criterios de \u00e9tica, sostenibilidad, calidad y seguridad en la prestaci\u00f3n de nuestros servicios.<\/span><\/p>\t\t\t\t\t\t\t\t<\/div>\n\t\t\t\t<div class=\"elementor-element elementor-element-df7cde6 elementor-widget elementor-widget-text-editor\" data-id=\"df7cde6\" data-element_type=\"widget\" data-e-type=\"widget\" data-widget_type=\"text-editor.default\">\n\t\t\t\t\t\t\t\t\t<p><strong><u>[Ver Pol\u00edticas Corporativas]<\/u><\/strong><\/p>\t\t\t\t\t\t\t\t<\/div>\n\t\t\t\t<\/div>\n\t\t\t\t<\/a>\n\t\t<div class=\"elementor-element elementor-element-0e4cd6e e-con-full e-flex e-con e-child\" data-id=\"0e4cd6e\" data-element_type=\"container\" data-e-type=\"container\" data-settings=\"{&quot;background_background&quot;:&quot;classic&quot;}\">\n\t\t<div class=\"elementor-element elementor-element-d019ae0 e-con-full e-flex e-con e-child\" data-id=\"d019ae0\" data-element_type=\"container\" data-e-type=\"container\">\n\t\t\t\t<div class=\"elementor-element elementor-element-ccb793e elementor-widget elementor-widget-heading\" data-id=\"ccb793e\" data-element_type=\"widget\" data-e-type=\"widget\" data-widget_type=\"heading.default\">\n\t\t\t\t\t<h2 class=\"elementor-heading-title elementor-size-default\">C\u00f3digo \u00e9tico <span data-teams=\"true\">y de conducta<\/span><\/h2>\t\t\t\t<\/div>\n\t\t\t\t<div class=\"elementor-element elementor-element-b9d5ed8 elementor-widget elementor-widget-text-editor\" data-id=\"b9d5ed8\" data-element_type=\"widget\" data-e-type=\"widget\" data-widget_type=\"text-editor.default\">\n\t\t\t\t\t\t\t\t\t<p><em>Compromiso con la integridad.<\/em><\/p>\t\t\t\t\t\t\t\t<\/div>\n\t\t\t\t<div class=\"elementor-element elementor-element-1f747aa elementor-widget elementor-widget-text-editor\" data-id=\"1f747aa\" data-element_type=\"widget\" data-e-type=\"widget\" data-widget_type=\"text-editor.default\">\n\t\t\t\t\t\t\t\t\t<p data-start=\"120\" data-end=\"338\"><span data-teams=\"true\">El C\u00f3digo \u00c9tico define los valores y pautas de conducta que esperamos de todas las personas y socios de Quantia. Es nuestra referencia para prevenir conflictos de inter\u00e9s y garantizar un comportamiento \u00edntegro y responsable<\/span><\/p>\t\t\t\t\t\t\t\t<\/div>\n\t\t\t\t<div class=\"elementor-element elementor-element-8f2faee elementor-widget elementor-widget-text-editor\" data-id=\"8f2faee\" data-element_type=\"widget\" data-e-type=\"widget\" data-widget_type=\"text-editor.default\">\n\t\t\t\t\t\t\t\t\t<p><strong>[Ver C\u00f3digo \u00c9tico]<\/strong><\/p>\t\t\t\t\t\t\t\t<\/div>\n\t\t\t\t<\/div>\n\t\t\t\t<\/div>\n\t\t<div class=\"elementor-element elementor-element-ac21cf8 e-con-full e-flex e-con e-child\" data-id=\"ac21cf8\" data-element_type=\"container\" data-e-type=\"container\" data-settings=\"{&quot;background_background&quot;:&quot;classic&quot;}\">\n\t\t<div class=\"elementor-element elementor-element-bc49834 e-con-full e-flex e-con e-child\" data-id=\"bc49834\" data-element_type=\"container\" data-e-type=\"container\">\n\t\t\t\t<div class=\"elementor-element elementor-element-164e0dd elementor-widget elementor-widget-heading\" data-id=\"164e0dd\" data-element_type=\"widget\" data-e-type=\"widget\" data-widget_type=\"heading.default\">\n\t\t\t\t\t<h2 class=\"elementor-heading-title elementor-size-default\">Seguridad de la informaci\u00f3n<\/h2>\t\t\t\t<\/div>\n\t\t\t\t<div class=\"elementor-element elementor-element-3fc247b elementor-widget elementor-widget-text-editor\" data-id=\"3fc247b\" data-element_type=\"widget\" data-e-type=\"widget\" data-widget_type=\"text-editor.default\">\n\t\t\t\t\t\t\t\t\t<p><em>Control, trazabilidad y acceso.<\/em><\/p>\t\t\t\t\t\t\t\t<\/div>\n\t\t\t\t<div class=\"elementor-element elementor-element-723a606 elementor-widget elementor-widget-text-editor\" data-id=\"723a606\" data-element_type=\"widget\" data-e-type=\"widget\" data-widget_type=\"text-editor.default\">\n\t\t\t\t\t\t\t\t\t<p data-start=\"120\" data-end=\"338\"><span data-teams=\"true\">Quantia opera bajo el Esquema Nacional de Seguridad (ENS) con certificaci\u00f3n de Nivel Medio, en proceso de alineaci\u00f3n con ISO\/IEC 27001 y HSEM para proyectos de defensa. Los controles de seguridad de la informaci\u00f3n se aplican transversalmente a todos los activos digitales y a todos los clientes. y puedes poner un enlace a alguna noticia de proyectos de desarrollo<\/span><\/p>\t\t\t\t\t\t\t\t<\/div>\n\t\t\t\t<\/div>\n\t\t\t\t<\/div>\n\t\t\t\t<\/div>\n\t\t\t\t\t<\/div>\n\t\t\t\t<\/div>\n\t\t<div class=\"elementor-element elementor-element-7447573 e-flex e-con-boxed e-con e-parent\" data-id=\"7447573\" data-element_type=\"container\" data-e-type=\"container\">\n\t\t\t\t\t<div class=\"e-con-inner\">\n\t\t\t\t<div class=\"elementor-element elementor-element-f6f2ad9 elementor-widget elementor-widget-spacer\" data-id=\"f6f2ad9\" data-element_type=\"widget\" data-e-type=\"widget\" data-widget_type=\"spacer.default\">\n\t\t\t\t\t\t\t<div class=\"elementor-spacer\">\n\t\t\t<div class=\"elementor-spacer-inner\"><\/div>\n\t\t<\/div>\n\t\t\t\t\t\t<\/div>\n\t\t\t\t<div class=\"elementor-element elementor-element-e64a58c elementor-widget elementor-widget-heading\" data-id=\"e64a58c\" data-element_type=\"widget\" data-e-type=\"widget\" data-widget_type=\"heading.default\">\n\t\t\t\t\t<h3 class=\"elementor-heading-title elementor-size-default\">Documentos disponibles<\/h3>\t\t\t\t<\/div>\n\t\t\t\t<div class=\"elementor-element elementor-element-c72bd68 elementor-widget elementor-widget-text-editor\" data-id=\"c72bd68\" data-element_type=\"widget\" data-e-type=\"widget\" data-widget_type=\"text-editor.default\">\n\t\t\t\t\t\t\t\t\t<p>En este espacio encuentras otros documentos clave de gobierno corporativo: reglamentos internos, procedimientos, pol\u00edticas espec\u00edficas y dem\u00e1s normativa que complementa nuestro sistema de gesti\u00f3n.<\/p>\t\t\t\t\t\t\t\t<\/div>\n\t\t\t\t\t<\/div>\n\t\t\t\t<\/div>\n\t\t<div class=\"elementor-element elementor-element-9a9483b e-flex e-con-boxed e-con e-parent\" data-id=\"9a9483b\" data-element_type=\"container\" data-e-type=\"container\">\n\t\t\t\t\t<div class=\"e-con-inner\">\n\t\t<div class=\"elementor-element elementor-element-dabfa90 e-grid e-con-full e-con e-child\" data-id=\"dabfa90\" data-element_type=\"container\" data-e-type=\"container\">\n\t\t\t\t<div class=\"elementor-element elementor-element-72f26db elementor-widget elementor-widget-text-editor\" data-id=\"72f26db\" data-element_type=\"widget\" data-e-type=\"widget\" data-widget_type=\"text-editor.default\">\n\t\t\t\t\t\t\t\t\t<p><span data-teams=\"true\"><strong>Pol\u00edticas corporativas de Quantia<\/strong> <\/span><\/p>\t\t\t\t\t\t\t\t<\/div>\n\t\t\t\t<div class=\"elementor-element elementor-element-493c0ed elementor-widget elementor-widget-text-editor\" data-id=\"493c0ed\" data-element_type=\"widget\" data-e-type=\"widget\" data-widget_type=\"text-editor.default\">\n\t\t\t\t\t\t\t\t\t<p><em>Categor\u00eda: Gobierno corporativo<\/em><\/p>\t\t\t\t\t\t\t\t<\/div>\n\t\t\t\t<div class=\"elementor-element elementor-element-1a00525 elementor-align-center elementor-widget elementor-widget-button\" data-id=\"1a00525\" data-element_type=\"widget\" data-e-type=\"widget\" data-widget_type=\"button.default\">\n\t\t\t\t\t\t\t\t\t\t<a class=\"elementor-button elementor-button-link elementor-size-sm\" href=\"http:\/\/quantia.es\/wp-content\/uploads\/2026\/04\/QIA_QMS_01_PoliticaCorporativa-260428-2.pdf\">\n\t\t\t\t\t\t<span class=\"elementor-button-content-wrapper\">\n\t\t\t\t\t\t\t\t\t<span class=\"elementor-button-text\">Descargar<\/span>\n\t\t\t\t\t<\/span>\n\t\t\t\t\t<\/a>\n\t\t\t\t\t\t\t\t<\/div>\n\t\t\t\t<div class=\"elementor-element elementor-element-fbd1385 elementor-widget elementor-widget-text-editor\" data-id=\"fbd1385\" data-element_type=\"widget\" data-e-type=\"widget\" data-widget_type=\"text-editor.default\">\n\t\t\t\t\t\t\t\t\t<p><span data-teams=\"true\"><strong>C\u00f3digo \u00c9tico de Quantia<\/strong><\/span><\/p>\t\t\t\t\t\t\t\t<\/div>\n\t\t\t\t<div class=\"elementor-element elementor-element-c9b1546 elementor-widget elementor-widget-text-editor\" data-id=\"c9b1546\" data-element_type=\"widget\" data-e-type=\"widget\" data-widget_type=\"text-editor.default\">\n\t\t\t\t\t\t\t\t\t<p><em>Categor\u00eda: \u00c9tica y cumplimiento<\/em><\/p>\t\t\t\t\t\t\t\t<\/div>\n\t\t\t\t<div class=\"elementor-element elementor-element-b558efd elementor-widget elementor-widget-button\" data-id=\"b558efd\" data-element_type=\"widget\" data-e-type=\"widget\" data-widget_type=\"button.default\">\n\t\t\t\t\t\t\t\t\t\t<a class=\"elementor-button elementor-button-link elementor-size-sm\" href=\"#\">\n\t\t\t\t\t\t<span class=\"elementor-button-content-wrapper\">\n\t\t\t\t\t\t\t\t\t<span class=\"elementor-button-text\">Descargar<\/span>\n\t\t\t\t\t<\/span>\n\t\t\t\t\t<\/a>\n\t\t\t\t\t\t\t\t<\/div>\n\t\t\t\t<\/div>\n\t\t\t\t<div class=\"elementor-element elementor-element-fd4f9cd elementor-widget elementor-widget-spacer\" data-id=\"fd4f9cd\" data-element_type=\"widget\" data-e-type=\"widget\" data-widget_type=\"spacer.default\">\n\t\t\t\t\t\t\t<div class=\"elementor-spacer\">\n\t\t\t<div class=\"elementor-spacer-inner\"><\/div>\n\t\t<\/div>\n\t\t\t\t\t\t<\/div>\n\t\t\t\t\t<\/div>\n\t\t\t\t<\/div>\n\t\t\t\t<\/div>\n\t\t","protected":false},"excerpt":{"rendered":"<p>Gobierno corporativo: pol\u00edticas, c\u00f3digos y normativa En Quantia, la transparencia es el eje de nuestra operaci\u00f3n. Aqu\u00ed puedes consultar y descargar los documentos que garantizan una gesti\u00f3n responsable, \u00e9tica y transparente de nuestra organizaci\u00f3n. Estos documentos recogen nuestras pol\u00edticas corporativas, nuestro C\u00f3digo \u00c9tico y otros marcos de referencia que definen c\u00f3mo tomamos decisiones y nos [&hellip;]<\/p>\n","protected":false},"author":5,"featured_media":0,"parent":0,"menu_order":0,"comment_status":"closed","ping_status":"closed","template":"","meta":{"footnotes":""},"class_list":["post-4535","page","type-page","status-publish","hentry"],"_links":{"self":[{"href":"https:\/\/quantia.es\/en\/wp-json\/wp\/v2\/pages\/4535","targetHints":{"allow":["GET"]}}],"collection":[{"href":"https:\/\/quantia.es\/en\/wp-json\/wp\/v2\/pages"}],"about":[{"href":"https:\/\/quantia.es\/en\/wp-json\/wp\/v2\/types\/page"}],"author":[{"embeddable":true,"href":"https:\/\/quantia.es\/en\/wp-json\/wp\/v2\/users\/5"}],"replies":[{"embeddable":true,"href":"https:\/\/quantia.es\/en\/wp-json\/wp\/v2\/comments?post=4535"}],"version-history":[{"count":37,"href":"https:\/\/quantia.es\/en\/wp-json\/wp\/v2\/pages\/4535\/revisions"}],"predecessor-version":[{"id":4590,"href":"https:\/\/quantia.es\/en\/wp-json\/wp\/v2\/pages\/4535\/revisions\/4590"}],"wp:attachment":[{"href":"https:\/\/quantia.es\/en\/wp-json\/wp\/v2\/media?parent=4535"}],"curies":[{"name":"wp","href":"https:\/\/api.w.org\/{rel}","templated":true}]}}