{"id":4368,"date":"2026-03-25T07:30:15","date_gmt":"2026-03-25T06:30:15","guid":{"rendered":"https:\/\/quantia.es\/?page_id=4368"},"modified":"2026-05-12T15:54:42","modified_gmt":"2026-05-12T13:54:42","slug":"certificaciones-de-calidad","status":"publish","type":"page","link":"https:\/\/quantia.es\/en\/certificaciones-de-calidad\/","title":{"rendered":"Certificaciones de Calidad"},"content":{"rendered":"<div data-elementor-type=\"wp-page\" data-elementor-id=\"4368\" class=\"elementor elementor-4368\" data-elementor-post-type=\"page\">\n\t\t\t\t<div class=\"elementor-element elementor-element-8031afc e-flex e-con-boxed e-con e-parent\" data-id=\"8031afc\" data-element_type=\"container\" data-e-type=\"container\">\n\t\t\t\t\t<div class=\"e-con-inner\">\n\t\t<div class=\"elementor-element elementor-element-47882e6 e-con-full e-flex e-con e-child\" data-id=\"47882e6\" data-element_type=\"container\" data-e-type=\"container\">\n\t\t\t\t<div class=\"elementor-element elementor-element-978b279 elementor-widget elementor-widget-heading\" data-id=\"978b279\" data-element_type=\"widget\" data-e-type=\"widget\" data-widget_type=\"heading.default\">\n\t\t\t\t\t<h1 class=\"elementor-heading-title elementor-size-default\">Gobierno corporativo y normativa<\/h1>\t\t\t\t<\/div>\n\t\t<div class=\"elementor-element elementor-element-983a693 e-con-full e-flex e-con e-child\" data-id=\"983a693\" data-element_type=\"container\" data-e-type=\"container\">\n\t\t\t\t<div class=\"elementor-element elementor-element-b9c408b elementor-widget elementor-widget-heading\" data-id=\"b9c408b\" data-element_type=\"widget\" data-e-type=\"widget\" data-widget_type=\"heading.default\">\n\t\t\t\t\t<h2 class=\"elementor-heading-title elementor-size-default\">La calidad, la seguridad de la informaci\u00f3n y el respeto al medio ambiente son los pilares de nuestra operativa. Contamos con certificaciones internacionales que avalan el cumplimiento de los est\u00e1ndares m\u00e1s exigentes en cada una de nuestras \u00e1reas de actuaci\u00f3n.<\/h2>\t\t\t\t<\/div>\n\t\t\t\t<\/div>\n\t\t\t\t<\/div>\n\t\t<div class=\"elementor-element elementor-element-78e1b9d e-con-full e-flex e-con e-child\" data-id=\"78e1b9d\" data-element_type=\"container\" data-e-type=\"container\">\n\t\t<div class=\"elementor-element elementor-element-5812801 e-con-full e-flex e-con e-child\" data-id=\"5812801\" data-element_type=\"container\" data-e-type=\"container\">\n\t\t<div class=\"elementor-element elementor-element-6f697c1 e-con-full e-flex e-con e-child\" data-id=\"6f697c1\" data-element_type=\"container\" data-e-type=\"container\" data-settings=\"{&quot;background_background&quot;:&quot;classic&quot;}\">\n\t\t\t\t<div class=\"elementor-element elementor-element-3bbe475 elementor-widget elementor-widget-image\" data-id=\"3bbe475\" data-element_type=\"widget\" data-e-type=\"widget\" data-widget_type=\"image.default\">\n\t\t\t\t\t\t\t\t\t\t\t\t\t\t\t<img decoding=\"async\" width=\"100\" height=\"101\" src=\"https:\/\/quantia.es\/wp-content\/uploads\/2025\/09\/Capa_1.webp\" class=\"attachment-large size-large wp-image-3030\" alt=\"\" \/>\t\t\t\t\t\t\t\t\t\t\t\t\t\t\t<\/div>\n\t\t\t\t<\/div>\n\t\t<div class=\"elementor-element elementor-element-567fcda e-con-full e-flex e-con e-child\" data-id=\"567fcda\" data-element_type=\"container\" data-e-type=\"container\" data-settings=\"{&quot;background_background&quot;:&quot;classic&quot;}\">\n\t\t\t\t<div class=\"elementor-element elementor-element-192fe06 elementor-widget elementor-widget-image\" data-id=\"192fe06\" data-element_type=\"widget\" data-e-type=\"widget\" data-widget_type=\"image.default\">\n\t\t\t\t\t\t\t\t\t\t\t\t\t\t\t<img decoding=\"async\" width=\"60\" height=\"61\" src=\"https:\/\/quantia.es\/wp-content\/uploads\/2025\/09\/Group.webp\" class=\"attachment-large size-large wp-image-2580\" alt=\"\" \/>\t\t\t\t\t\t\t\t\t\t\t\t\t\t\t<\/div>\n\t\t\t\t<\/div>\n\t\t<div class=\"elementor-element elementor-element-ee9b08e e-con-full e-flex e-con e-child\" data-id=\"ee9b08e\" data-element_type=\"container\" data-e-type=\"container\" data-settings=\"{&quot;background_background&quot;:&quot;classic&quot;}\">\n\t\t\t\t<div class=\"elementor-element elementor-element-5f9d981 elementor-widget elementor-widget-image\" data-id=\"5f9d981\" data-element_type=\"widget\" data-e-type=\"widget\" data-widget_type=\"image.default\">\n\t\t\t\t\t\t\t\t\t\t\t\t\t\t\t<img decoding=\"async\" width=\"60\" height=\"61\" src=\"https:\/\/quantia.es\/wp-content\/uploads\/2025\/09\/Layer_1.webp\" class=\"attachment-large size-large wp-image-2581\" alt=\"\" \/>\t\t\t\t\t\t\t\t\t\t\t\t\t\t\t<\/div>\n\t\t\t\t<\/div>\n\t\t\t\t<\/div>\n\t\t<div class=\"elementor-element elementor-element-230ec74 e-con-full e-flex e-con e-child\" data-id=\"230ec74\" data-element_type=\"container\" data-e-type=\"container\">\n\t\t\t\t<div class=\"elementor-element elementor-element-140a415 elementor-widget elementor-widget-image\" data-id=\"140a415\" data-element_type=\"widget\" data-e-type=\"widget\" data-widget_type=\"image.default\">\n\t\t\t\t\t\t\t\t\t\t\t\t\t\t\t<img loading=\"lazy\" decoding=\"async\" width=\"800\" height=\"534\" src=\"https:\/\/quantia.es\/wp-content\/uploads\/2025\/09\/2f6d5057a9d96929b063d19d4ccb8f8dab393422_11zon-1024x683.webp\" class=\"attachment-large size-large wp-image-2022\" alt=\"\" srcset=\"https:\/\/quantia.es\/wp-content\/uploads\/2025\/09\/2f6d5057a9d96929b063d19d4ccb8f8dab393422_11zon-1024x683.webp 1024w, https:\/\/quantia.es\/wp-content\/uploads\/2025\/09\/2f6d5057a9d96929b063d19d4ccb8f8dab393422_11zon-300x200.webp 300w, https:\/\/quantia.es\/wp-content\/uploads\/2025\/09\/2f6d5057a9d96929b063d19d4ccb8f8dab393422_11zon-768x512.webp 768w, https:\/\/quantia.es\/wp-content\/uploads\/2025\/09\/2f6d5057a9d96929b063d19d4ccb8f8dab393422_11zon-1536x1025.webp 1536w, https:\/\/quantia.es\/wp-content\/uploads\/2025\/09\/2f6d5057a9d96929b063d19d4ccb8f8dab393422_11zon-2048x1366.webp 2048w, https:\/\/quantia.es\/wp-content\/uploads\/2025\/09\/2f6d5057a9d96929b063d19d4ccb8f8dab393422_11zon-scaled.webp 1920w\" sizes=\"(max-width: 800px) 100vw, 800px\" \/>\t\t\t\t\t\t\t\t\t\t\t\t\t\t\t<\/div>\n\t\t\t\t<div class=\"elementor-element elementor-element-2940d6f elementor-widget elementor-widget-image\" data-id=\"2940d6f\" data-element_type=\"widget\" data-e-type=\"widget\" data-widget_type=\"image.default\">\n\t\t\t\t\t\t\t\t\t\t\t\t\t\t\t<img loading=\"lazy\" decoding=\"async\" width=\"800\" height=\"567\" src=\"https:\/\/quantia.es\/wp-content\/uploads\/2025\/09\/Union-1_34_11zon.webp\" class=\"attachment-large size-large wp-image-1703\" alt=\"\" srcset=\"https:\/\/quantia.es\/wp-content\/uploads\/2025\/09\/Union-1_34_11zon.webp 972w, https:\/\/quantia.es\/wp-content\/uploads\/2025\/09\/Union-1_34_11zon-300x213.webp 300w, https:\/\/quantia.es\/wp-content\/uploads\/2025\/09\/Union-1_34_11zon-768x544.webp 768w\" sizes=\"(max-width: 800px) 100vw, 800px\" \/>\t\t\t\t\t\t\t\t\t\t\t\t\t\t\t<\/div>\n\t\t\t\t<\/div>\n\t\t\t\t<\/div>\n\t\t\t\t\t<\/div>\n\t\t\t\t<\/div>\n\t\t<div class=\"elementor-element elementor-element-1cc8cf8 e-flex e-con-boxed e-con e-parent\" data-id=\"1cc8cf8\" data-element_type=\"container\" data-e-type=\"container\">\n\t\t\t\t\t<div class=\"e-con-inner\">\n\t\t\t\t<div class=\"elementor-element elementor-element-5e40fde elementor-widget elementor-widget-spacer\" data-id=\"5e40fde\" data-element_type=\"widget\" data-e-type=\"widget\" data-widget_type=\"spacer.default\">\n\t\t\t\t\t\t\t<div class=\"elementor-spacer\">\n\t\t\t<div class=\"elementor-spacer-inner\"><\/div>\n\t\t<\/div>\n\t\t\t\t\t\t<\/div>\n\t\t\t\t\t<\/div>\n\t\t\t\t<\/div>\n\t\t<div class=\"elementor-element elementor-element-9f5e13c e-flex e-con-boxed e-con e-parent\" data-id=\"9f5e13c\" data-element_type=\"container\" data-e-type=\"container\">\n\t\t\t\t\t<div class=\"e-con-inner\">\n\t\t<div class=\"elementor-element elementor-element-ec75e78 e-con-full e-flex e-con e-child\" data-id=\"ec75e78\" data-element_type=\"container\" data-e-type=\"container\" data-settings=\"{&quot;background_background&quot;:&quot;classic&quot;}\">\n\t\t<div class=\"elementor-element elementor-element-19d1bb1 e-grid e-con-full e-con e-child\" data-id=\"19d1bb1\" data-element_type=\"container\" data-e-type=\"container\">\n\t\t<div class=\"elementor-element elementor-element-2032daa e-con-full e-flex e-con e-child\" data-id=\"2032daa\" data-element_type=\"container\" data-e-type=\"container\">\n\t\t\t\t<div class=\"elementor-element elementor-element-9e08f5c elementor-widget elementor-widget-heading\" data-id=\"9e08f5c\" data-element_type=\"widget\" data-e-type=\"widget\" data-widget_type=\"heading.default\">\n\t\t\t\t\t<h3 class=\"elementor-heading-title elementor-size-default\">Certificaci\u00f3n de Conformidad con el Esquema Nacional de Seguridad (ENS)<\/h3>\t\t\t\t<\/div>\n\t\t<div class=\"elementor-element elementor-element-c7b643b e-con-full e-flex e-con e-child\" data-id=\"c7b643b\" data-element_type=\"container\" data-e-type=\"container\">\n\t\t\t\t<div class=\"elementor-element elementor-element-09ca56d elementor-widget elementor-widget-text-editor\" data-id=\"09ca56d\" data-element_type=\"widget\" data-e-type=\"widget\" data-widget_type=\"text-editor.default\">\n\t\t\t\t\t\t\t\t\t<p>Cumplimos con el Real Decreto 311\/2022, garantizando un entorno de confianza para el tratamiento de datos y la prestaci\u00f3n de servicios digitales. Esta certificaci\u00f3n asegura que protegemos la informaci\u00f3n frente a amenazas externas e internas con medidas de seguridad t\u00e9cnicas y organizativas rigurosas.<\/p>\t\t\t\t\t\t\t\t<\/div>\n\t\t\t\t<\/div>\n\t\t\t\t<\/div>\n\t\t\t\t<div class=\"elementor-element elementor-element-3ef041f elementor-widget elementor-widget-image\" data-id=\"3ef041f\" data-element_type=\"widget\" data-e-type=\"widget\" data-widget_type=\"image.default\">\n\t\t\t\t\t\t\t\t\t\t\t\t<figure class=\"wp-caption\">\n\t\t\t\t\t\t\t\t\t\t\t<a href=\"http:\/\/quantia.es\/wp-content\/uploads\/2026\/03\/Certificado-ENS-2025_0076_2025-07-29.pdf\" target=\"_blank\">\n\t\t\t\t\t\t\t<img loading=\"lazy\" decoding=\"async\" width=\"514\" height=\"627\" src=\"https:\/\/quantia.es\/wp-content\/uploads\/2026\/03\/distintivo-ens-certificacion-media-rd311-20222.webp\" class=\"attachment-full size-full wp-image-4296\" alt=\"Ver constancia de certificaci\u00f3n\" srcset=\"https:\/\/quantia.es\/wp-content\/uploads\/2026\/03\/distintivo-ens-certificacion-media-rd311-20222.webp 514w, https:\/\/quantia.es\/wp-content\/uploads\/2026\/03\/distintivo-ens-certificacion-media-rd311-20222-246x300.webp 246w, https:\/\/quantia.es\/wp-content\/uploads\/2026\/03\/distintivo-ens-certificacion-media-rd311-20222-10x12.png 10w\" sizes=\"(max-width: 514px) 100vw, 514px\" \/>\t\t\t\t\t\t\t\t<\/a>\n\t\t\t\t\t\t\t\t\t\t\t<figcaption class=\"widget-image-caption wp-caption-text\"><\/figcaption>\n\t\t\t\t\t\t\t\t\t\t<\/figure>\n\t\t\t\t\t\t\t\t\t<\/div>\n\t\t\t\t<\/div>\n\t\t\t\t<\/div>\n\t\t\t\t<div class=\"elementor-element elementor-element-fa4b5b7 elementor-widget elementor-widget-spacer\" data-id=\"fa4b5b7\" data-element_type=\"widget\" data-e-type=\"widget\" data-widget_type=\"spacer.default\">\n\t\t\t\t\t\t\t<div class=\"elementor-spacer\">\n\t\t\t<div class=\"elementor-spacer-inner\"><\/div>\n\t\t<\/div>\n\t\t\t\t\t\t<\/div>\n\t\t\t\t\t<\/div>\n\t\t\t\t<\/div>\n\t\t<div class=\"elementor-element elementor-element-b733483 e-flex e-con-boxed e-con e-parent\" data-id=\"b733483\" data-element_type=\"container\" data-e-type=\"container\">\n\t\t\t\t\t<div class=\"e-con-inner\">\n\t\t<div class=\"elementor-element elementor-element-544e019 e-con-full e-flex e-con e-child\" data-id=\"544e019\" data-element_type=\"container\" data-e-type=\"container\" data-settings=\"{&quot;background_background&quot;:&quot;classic&quot;}\">\n\t\t<div class=\"elementor-element elementor-element-ad21642 e-grid e-con-full e-con e-child\" data-id=\"ad21642\" data-element_type=\"container\" data-e-type=\"container\">\n\t\t<div class=\"elementor-element elementor-element-f0098ea e-con-full e-flex e-con e-child\" data-id=\"f0098ea\" data-element_type=\"container\" data-e-type=\"container\">\n\t\t\t\t<div class=\"elementor-element elementor-element-377f49d elementor-widget elementor-widget-heading\" data-id=\"377f49d\" data-element_type=\"widget\" data-e-type=\"widget\" data-widget_type=\"heading.default\">\n\t\t\t\t\t<h3 class=\"elementor-heading-title elementor-size-default\">ISO 9001: Gesti\u00f3n de la Calidad (AENOR)<\/h3>\t\t\t\t<\/div>\n\t\t<div class=\"elementor-element elementor-element-a553354 e-con-full e-flex e-con e-child\" data-id=\"a553354\" data-element_type=\"container\" data-e-type=\"container\">\n\t\t\t\t<div class=\"elementor-element elementor-element-c12b68f elementor-widget elementor-widget-text-editor\" data-id=\"c12b68f\" data-element_type=\"widget\" data-e-type=\"widget\" data-widget_type=\"text-editor.default\">\n\t\t\t\t\t\t\t\t\t<p>Certifica nuestra capacidad para proporcionar productos y servicios que satisfacen los requisitos de nuestros clientes y la normativa vigente, enfoc\u00e1ndonos en la mejora continua.<\/p>\t\t\t\t\t\t\t\t<\/div>\n\t\t\t\t<\/div>\n\t\t\t\t<\/div>\n\t\t\t\t<div class=\"elementor-element elementor-element-7dc3214 elementor-widget elementor-widget-image\" data-id=\"7dc3214\" data-element_type=\"widget\" data-e-type=\"widget\" data-widget_type=\"image.default\">\n\t\t\t\t\t\t\t\t\t\t\t\t<figure class=\"wp-caption\">\n\t\t\t\t\t\t\t\t\t\t\t<a href=\"http:\/\/quantia.es\/wp-content\/uploads\/2026\/03\/ISO-9001_CertificadoER-0167-2025_ES_2025-03-27.pdf\" target=\"_blank\">\n\t\t\t\t\t\t\t<img loading=\"lazy\" decoding=\"async\" width=\"904\" height=\"760\" src=\"https:\/\/quantia.es\/wp-content\/uploads\/2025\/08\/Sello-AENOR-ISO-9001_NEG.webp\" class=\"attachment-full size-full wp-image-3676\" alt=\"\" srcset=\"https:\/\/quantia.es\/wp-content\/uploads\/2025\/08\/Sello-AENOR-ISO-9001_NEG.webp 904w, https:\/\/quantia.es\/wp-content\/uploads\/2025\/08\/Sello-AENOR-ISO-9001_NEG-300x252.webp 300w, https:\/\/quantia.es\/wp-content\/uploads\/2025\/08\/Sello-AENOR-ISO-9001_NEG-768x646.webp 768w\" sizes=\"(max-width: 904px) 100vw, 904px\" \/>\t\t\t\t\t\t\t\t<\/a>\n\t\t\t\t\t\t\t\t\t\t\t<figcaption class=\"widget-image-caption wp-caption-text\"><\/figcaption>\n\t\t\t\t\t\t\t\t\t\t<\/figure>\n\t\t\t\t\t\t\t\t\t<\/div>\n\t\t\t\t<\/div>\n\t\t\t\t<\/div>\n\t\t\t\t\t<\/div>\n\t\t\t\t<\/div>\n\t\t<div class=\"elementor-element elementor-element-f3fed03 e-flex e-con-boxed e-con e-parent\" data-id=\"f3fed03\" data-element_type=\"container\" data-e-type=\"container\">\n\t\t\t\t\t<div class=\"e-con-inner\">\n\t\t\t\t<div class=\"elementor-element elementor-element-a5f507e elementor-widget elementor-widget-spacer\" data-id=\"a5f507e\" data-element_type=\"widget\" data-e-type=\"widget\" data-widget_type=\"spacer.default\">\n\t\t\t\t\t\t\t<div class=\"elementor-spacer\">\n\t\t\t<div class=\"elementor-spacer-inner\"><\/div>\n\t\t<\/div>\n\t\t\t\t\t\t<\/div>\n\t\t<div class=\"elementor-element elementor-element-dc3a3ea e-con-full e-flex e-con e-child\" data-id=\"dc3a3ea\" data-element_type=\"container\" data-e-type=\"container\" data-settings=\"{&quot;background_background&quot;:&quot;classic&quot;}\">\n\t\t<div class=\"elementor-element elementor-element-0108b43 e-grid e-con-full e-con e-child\" data-id=\"0108b43\" data-element_type=\"container\" data-e-type=\"container\">\n\t\t<div class=\"elementor-element elementor-element-8ca75eb e-con-full e-flex e-con e-child\" data-id=\"8ca75eb\" data-element_type=\"container\" data-e-type=\"container\">\n\t\t\t\t<div class=\"elementor-element elementor-element-b810187 elementor-widget elementor-widget-heading\" data-id=\"b810187\" data-element_type=\"widget\" data-e-type=\"widget\" data-widget_type=\"heading.default\">\n\t\t\t\t\t<h3 class=\"elementor-heading-title elementor-size-default\">ISO 14001: Gesti\u00f3n Ambiental (AENOR)<\/h3>\t\t\t\t<\/div>\n\t\t<div class=\"elementor-element elementor-element-ab2b26f e-con-full e-flex e-con e-child\" data-id=\"ab2b26f\" data-element_type=\"container\" data-e-type=\"container\">\n\t\t\t\t<div class=\"elementor-element elementor-element-3bfd2ab elementor-widget elementor-widget-text-editor\" data-id=\"3bfd2ab\" data-element_type=\"widget\" data-e-type=\"widget\" data-widget_type=\"text-editor.default\">\n\t\t\t\t\t\t\t\t\t<p>Refleja nuestro compromiso con la sostenibilidad y la reducci\u00f3n del impacto ambiental de nuestras actividades a trav\u00e9s de una gesti\u00f3n responsable de los recursos.<\/p>\t\t\t\t\t\t\t\t<\/div>\n\t\t\t\t<\/div>\n\t\t\t\t<\/div>\n\t\t\t\t<div class=\"elementor-element elementor-element-f34c933 elementor-widget elementor-widget-image\" data-id=\"f34c933\" data-element_type=\"widget\" data-e-type=\"widget\" data-widget_type=\"image.default\">\n\t\t\t\t\t\t\t\t\t\t\t\t<figure class=\"wp-caption\">\n\t\t\t\t\t\t\t\t\t\t\t<a href=\"http:\/\/quantia.es\/wp-content\/uploads\/2026\/03\/CertificadoGA_2025_0098_ES_2025_03_28_14001.pdf\" target=\"_blank\">\n\t\t\t\t\t\t\t<img loading=\"lazy\" decoding=\"async\" width=\"904\" height=\"764\" src=\"https:\/\/quantia.es\/wp-content\/uploads\/2025\/08\/Sello-AENOR-ISO-14001_NEG.webp\" class=\"attachment-full size-full wp-image-3675\" alt=\"\" srcset=\"https:\/\/quantia.es\/wp-content\/uploads\/2025\/08\/Sello-AENOR-ISO-14001_NEG.webp 904w, https:\/\/quantia.es\/wp-content\/uploads\/2025\/08\/Sello-AENOR-ISO-14001_NEG-300x254.webp 300w, https:\/\/quantia.es\/wp-content\/uploads\/2025\/08\/Sello-AENOR-ISO-14001_NEG-768x649.webp 768w\" sizes=\"(max-width: 904px) 100vw, 904px\" \/>\t\t\t\t\t\t\t\t<\/a>\n\t\t\t\t\t\t\t\t\t\t\t<figcaption class=\"widget-image-caption wp-caption-text\"><\/figcaption>\n\t\t\t\t\t\t\t\t\t\t<\/figure>\n\t\t\t\t\t\t\t\t\t<\/div>\n\t\t\t\t<\/div>\n\t\t\t\t<\/div>\n\t\t\t\t\t<\/div>\n\t\t\t\t<\/div>\n\t\t<div class=\"elementor-element elementor-element-248b2ed e-flex e-con-boxed e-con e-parent\" data-id=\"248b2ed\" data-element_type=\"container\" data-e-type=\"container\">\n\t\t\t\t\t<div class=\"e-con-inner\">\n\t\t\t\t<div class=\"elementor-element elementor-element-c0990a1 elementor-widget elementor-widget-spacer\" data-id=\"c0990a1\" data-element_type=\"widget\" data-e-type=\"widget\" data-widget_type=\"spacer.default\">\n\t\t\t\t\t\t\t<div class=\"elementor-spacer\">\n\t\t\t<div class=\"elementor-spacer-inner\"><\/div>\n\t\t<\/div>\n\t\t\t\t\t\t<\/div>\n\t\t<div class=\"elementor-element elementor-element-7b3ad93 e-con-full e-flex e-con e-child\" data-id=\"7b3ad93\" data-element_type=\"container\" data-e-type=\"container\" data-settings=\"{&quot;background_background&quot;:&quot;classic&quot;}\">\n\t\t<div class=\"elementor-element elementor-element-40845d0 e-grid e-con-full e-con e-child\" data-id=\"40845d0\" data-element_type=\"container\" data-e-type=\"container\">\n\t\t<div class=\"elementor-element elementor-element-2968533 e-con-full e-flex e-con e-child\" data-id=\"2968533\" data-element_type=\"container\" data-e-type=\"container\">\n\t\t\t\t<div class=\"elementor-element elementor-element-84d6652 elementor-widget elementor-widget-heading\" data-id=\"84d6652\" data-element_type=\"widget\" data-e-type=\"widget\" data-widget_type=\"heading.default\">\n\t\t\t\t\t<h3 class=\"elementor-heading-title elementor-size-default\">ISO 19650-1 \/ 2: BIM2 READY (AENOR)<\/h3>\t\t\t\t<\/div>\n\t\t<div class=\"elementor-element elementor-element-d173470 e-con-full e-flex e-con e-child\" data-id=\"d173470\" data-element_type=\"container\" data-e-type=\"container\">\n\t\t\t\t<div class=\"elementor-element elementor-element-b08968b elementor-widget elementor-widget-text-editor\" data-id=\"b08968b\" data-element_type=\"widget\" data-e-type=\"widget\" data-widget_type=\"text-editor.default\">\n\t\t\t\t\t\t\t\t\t<p>Acreditamos nuestra competencia en la gesti\u00f3n de la informaci\u00f3n durante todo el ciclo de vida de los activos de construcci\u00f3n utilizando Building Information Modelling (BIM), garantizando eficiencia y colaboraci\u00f3n en proyectos complejos.<\/p>\t\t\t\t\t\t\t\t<\/div>\n\t\t\t\t<\/div>\n\t\t\t\t<\/div>\n\t\t\t\t<div class=\"elementor-element elementor-element-57ac4cd elementor-widget elementor-widget-image\" data-id=\"57ac4cd\" data-element_type=\"widget\" data-e-type=\"widget\" data-widget_type=\"image.default\">\n\t\t\t\t\t\t\t\t\t\t\t\t<figure class=\"wp-caption\">\n\t\t\t\t\t\t\t\t\t\t\t<a href=\"http:\/\/quantia.es\/wp-content\/uploads\/2026\/03\/CertificadoBIM-2025-0013_ES_2025.pdf\" target=\"_blank\">\n\t\t\t\t\t\t\t<img loading=\"lazy\" decoding=\"async\" width=\"904\" height=\"760\" src=\"https:\/\/quantia.es\/wp-content\/uploads\/2025\/08\/Sello-AENOR-bimready2-iso19650_1_2_NEG.webp\" class=\"attachment-full size-full wp-image-3671\" alt=\"\" srcset=\"https:\/\/quantia.es\/wp-content\/uploads\/2025\/08\/Sello-AENOR-bimready2-iso19650_1_2_NEG.webp 904w, https:\/\/quantia.es\/wp-content\/uploads\/2025\/08\/Sello-AENOR-bimready2-iso19650_1_2_NEG-300x252.webp 300w, https:\/\/quantia.es\/wp-content\/uploads\/2025\/08\/Sello-AENOR-bimready2-iso19650_1_2_NEG-768x646.webp 768w\" sizes=\"(max-width: 904px) 100vw, 904px\" \/>\t\t\t\t\t\t\t\t<\/a>\n\t\t\t\t\t\t\t\t\t\t\t<figcaption class=\"widget-image-caption wp-caption-text\"><\/figcaption>\n\t\t\t\t\t\t\t\t\t\t<\/figure>\n\t\t\t\t\t\t\t\t\t<\/div>\n\t\t\t\t<\/div>\n\t\t\t\t<\/div>\n\t\t\t\t\t<\/div>\n\t\t\t\t<\/div>\n\t\t<div class=\"elementor-element elementor-element-a91ec28 e-flex e-con-boxed e-con e-parent\" data-id=\"a91ec28\" data-element_type=\"container\" data-e-type=\"container\">\n\t\t\t\t\t<div class=\"e-con-inner\">\n\t\t\t\t<div class=\"elementor-element elementor-element-16776d0 elementor-widget elementor-widget-spacer\" data-id=\"16776d0\" data-element_type=\"widget\" data-e-type=\"widget\" data-widget_type=\"spacer.default\">\n\t\t\t\t\t\t\t<div class=\"elementor-spacer\">\n\t\t\t<div class=\"elementor-spacer-inner\"><\/div>\n\t\t<\/div>\n\t\t\t\t\t\t<\/div>\n\t\t<div class=\"elementor-element elementor-element-ccaf4fa e-con-full e-flex e-con e-child\" data-id=\"ccaf4fa\" data-element_type=\"container\" data-e-type=\"container\" data-settings=\"{&quot;background_background&quot;:&quot;classic&quot;}\">\n\t\t<div class=\"elementor-element elementor-element-4ee1aee e-grid e-con-full e-con e-child\" data-id=\"4ee1aee\" data-element_type=\"container\" data-e-type=\"container\">\n\t\t<div class=\"elementor-element elementor-element-d3fd7c6 e-con-full e-flex e-con e-child\" data-id=\"d3fd7c6\" data-element_type=\"container\" data-e-type=\"container\">\n\t\t\t\t<div class=\"elementor-element elementor-element-c233285 elementor-widget elementor-widget-heading\" data-id=\"c233285\" data-element_type=\"widget\" data-e-type=\"widget\" data-widget_type=\"heading.default\">\n\t\t\t\t\t<h3 class=\"elementor-heading-title elementor-size-default\">IQNET LTD<\/h3>\t\t\t\t<\/div>\n\t\t<div class=\"elementor-element elementor-element-f44e4e0 e-con-full e-flex e-con e-child\" data-id=\"f44e4e0\" data-element_type=\"container\" data-e-type=\"container\">\n\t\t\t\t<div class=\"elementor-element elementor-element-5b6acf7 elementor-widget elementor-widget-text-editor\" data-id=\"5b6acf7\" data-element_type=\"widget\" data-e-type=\"widget\" data-widget_type=\"text-editor.default\">\n\t\t\t\t\t\t\t\t\t<p>Nuestras certificaciones cuentan con el respaldo de la red internacional IQNET, lo que otorga a nuestros est\u00e1ndares de calidad un reconocimiento global en m\u00e1s de 150 pa\u00edses.<\/p>\t\t\t\t\t\t\t\t<\/div>\n\t\t\t\t<\/div>\n\t\t\t\t<\/div>\n\t\t\t\t<div class=\"elementor-element elementor-element-cf6476c elementor-widget elementor-widget-image\" data-id=\"cf6476c\" data-element_type=\"widget\" data-e-type=\"widget\" data-widget_type=\"image.default\">\n\t\t\t\t\t\t\t\t\t\t\t\t<figure class=\"wp-caption\">\n\t\t\t\t\t\t\t\t\t\t\t<a href=\"http:\/\/quantia.es\/wp-content\/uploads\/2026\/03\/IQNetES_2025_0098_2025_03_28_14001.pdf\" target=\"_blank\">\n\t\t\t\t\t\t\t<img loading=\"lazy\" decoding=\"async\" width=\"600\" height=\"600\" src=\"https:\/\/quantia.es\/wp-content\/uploads\/2026\/03\/ipesa-logo-certificado_transp2-600x600-1.webp\" class=\"attachment-full size-full wp-image-4409\" alt=\"Ver constancia de acreditaci\u00f3n\" srcset=\"https:\/\/quantia.es\/wp-content\/uploads\/2026\/03\/ipesa-logo-certificado_transp2-600x600-1.webp 600w, https:\/\/quantia.es\/wp-content\/uploads\/2026\/03\/ipesa-logo-certificado_transp2-600x600-1-300x300.webp 300w, https:\/\/quantia.es\/wp-content\/uploads\/2026\/03\/ipesa-logo-certificado_transp2-600x600-1-150x150.png 150w, https:\/\/quantia.es\/wp-content\/uploads\/2026\/03\/ipesa-logo-certificado_transp2-600x600-1-12x12.png 12w\" sizes=\"(max-width: 600px) 100vw, 600px\" \/>\t\t\t\t\t\t\t\t<\/a>\n\t\t\t\t\t\t\t\t\t\t\t<figcaption class=\"widget-image-caption wp-caption-text\"><\/figcaption>\n\t\t\t\t\t\t\t\t\t\t<\/figure>\n\t\t\t\t\t\t\t\t\t<\/div>\n\t\t\t\t<\/div>\n\t\t\t\t<\/div>\n\t\t\t\t\t<\/div>\n\t\t\t\t<\/div>\n\t\t<div class=\"elementor-element elementor-element-7f01e6a e-flex e-con-boxed e-con e-parent\" data-id=\"7f01e6a\" data-element_type=\"container\" data-e-type=\"container\">\n\t\t\t\t\t<div class=\"e-con-inner\">\n\t\t\t\t<div class=\"elementor-element elementor-element-1075720 elementor-widget elementor-widget-spacer\" data-id=\"1075720\" data-element_type=\"widget\" data-e-type=\"widget\" data-widget_type=\"spacer.default\">\n\t\t\t\t\t\t\t<div class=\"elementor-spacer\">\n\t\t\t<div class=\"elementor-spacer-inner\"><\/div>\n\t\t<\/div>\n\t\t\t\t\t\t<\/div>\n\t\t\t\t\t<\/div>\n\t\t\t\t<\/div>\n\t\t\t\t<\/div>","protected":false},"excerpt":{"rendered":"<p>Gobierno corporativo y normativa La calidad, la seguridad de la informaci\u00f3n y el respeto al medio ambiente son los pilares de nuestra operativa. Contamos con certificaciones internacionales que avalan el cumplimiento de los est\u00e1ndares m\u00e1s exigentes en cada una de nuestras \u00e1reas de actuaci\u00f3n. Certificaci\u00f3n de Conformidad con el Esquema Nacional de Seguridad (ENS) Cumplimos [&hellip;]<\/p>\n","protected":false},"author":5,"featured_media":0,"parent":0,"menu_order":0,"comment_status":"closed","ping_status":"closed","template":"","meta":{"footnotes":""},"class_list":["post-4368","page","type-page","status-publish","hentry"],"_links":{"self":[{"href":"https:\/\/quantia.es\/en\/wp-json\/wp\/v2\/pages\/4368","targetHints":{"allow":["GET"]}}],"collection":[{"href":"https:\/\/quantia.es\/en\/wp-json\/wp\/v2\/pages"}],"about":[{"href":"https:\/\/quantia.es\/en\/wp-json\/wp\/v2\/types\/page"}],"author":[{"embeddable":true,"href":"https:\/\/quantia.es\/en\/wp-json\/wp\/v2\/users\/5"}],"replies":[{"embeddable":true,"href":"https:\/\/quantia.es\/en\/wp-json\/wp\/v2\/comments?post=4368"}],"version-history":[{"count":14,"href":"https:\/\/quantia.es\/en\/wp-json\/wp\/v2\/pages\/4368\/revisions"}],"predecessor-version":[{"id":4597,"href":"https:\/\/quantia.es\/en\/wp-json\/wp\/v2\/pages\/4368\/revisions\/4597"}],"wp:attachment":[{"href":"https:\/\/quantia.es\/en\/wp-json\/wp\/v2\/media?parent=4368"}],"curies":[{"name":"wp","href":"https:\/\/api.w.org\/{rel}","templated":true}]}}