{"id":4136,"date":"2025-11-06T10:23:33","date_gmt":"2025-11-06T09:23:33","guid":{"rendered":"https:\/\/quantia.es\/?page_id=4136"},"modified":"2026-03-30T17:15:03","modified_gmt":"2026-03-30T15:15:03","slug":"cultura-quantia","status":"publish","type":"page","link":"https:\/\/quantia.es\/en\/cultura-quantia\/","title":{"rendered":"Cultura Quantia"},"content":{"rendered":"<div data-elementor-type=\"wp-page\" data-elementor-id=\"4136\" class=\"elementor elementor-4136\" data-elementor-post-type=\"page\">\n\t\t\t\t<div class=\"elementor-element elementor-element-9d71b6b e-flex e-con-boxed e-con e-parent\" data-id=\"9d71b6b\" data-element_type=\"container\" data-e-type=\"container\">\n\t\t\t\t\t<div class=\"e-con-inner\">\n\t\t<div class=\"elementor-element elementor-element-008cb05 e-con-full e-flex elementor-invisible e-con e-child\" data-id=\"008cb05\" data-element_type=\"container\" data-e-type=\"container\" data-settings=\"{&quot;animation&quot;:&quot;fadeIn&quot;}\">\n\t\t<div class=\"elementor-element elementor-element-e2ce42f e-con-full e-flex e-con e-child\" data-id=\"e2ce42f\" data-element_type=\"container\" data-e-type=\"container\">\n\t\t\t\t<div class=\"elementor-element elementor-element-977718e elementor-widget elementor-widget-heading\" data-id=\"977718e\" data-element_type=\"widget\" data-e-type=\"widget\" data-widget_type=\"heading.default\">\n\t\t\t\t\t<h1 class=\"elementor-heading-title elementor-size-default\">Valor a largo plazo como prioridad<\/h1>\t\t\t\t<\/div>\n\t\t\t\t<div class=\"elementor-element elementor-element-fc83a91 elementor-widget__width-initial elementor-widget elementor-widget-text-editor\" data-id=\"fc83a91\" data-element_type=\"widget\" data-e-type=\"widget\" data-widget_type=\"text-editor.default\">\n\t\t\t\t\t\t\t\t\t<p>En Quantia creemos que el verdadero \u00e9xito no se mide solo en resultados inmediatos, sino en la capacidad de generar valor sostenible. Todas nuestras decisiones est\u00e1n orientadas a construir una compa\u00f1\u00eda s\u00f3lida, con clientes satisfechos y recurrentes, una posici\u00f3n financiera estable y un modelo preparado para los retos del futuro.<\/p>\t\t\t\t\t\t\t\t<\/div>\n\t\t\t\t<\/div>\n\t\t<div class=\"elementor-element elementor-element-5afdea7 e-con-full e-flex e-con e-child\" data-id=\"5afdea7\" data-element_type=\"container\" data-e-type=\"container\" data-settings=\"{&quot;position&quot;:&quot;absolute&quot;}\">\n\t\t\t\t<div class=\"elementor-element elementor-element-b8e4f3c elementor-widget elementor-widget-image\" data-id=\"b8e4f3c\" data-element_type=\"widget\" data-e-type=\"widget\" data-widget_type=\"image.default\">\n\t\t\t\t\t\t\t\t\t\t\t\t\t\t\t<img decoding=\"async\" width=\"1\" height=\"1\" src=\"http:\/\/quantia.es\/wp-content\/uploads\/2025\/08\/Rectangle-scroll-2.svg\" class=\"attachment-large size-large wp-image-556\" alt=\"\" \/>\t\t\t\t\t\t\t\t\t\t\t\t\t\t\t<\/div>\n\t\t\t\t<div class=\"elementor-element elementor-element-2dd6ef9 elementor-widget elementor-widget-heading\" data-id=\"2dd6ef9\" data-element_type=\"widget\" data-e-type=\"widget\" data-widget_type=\"heading.default\">\n\t\t\t\t\t<p class=\"elementor-heading-title elementor-size-default\">Scroll para explorar<\/p>\t\t\t\t<\/div>\n\t\t\t\t<\/div>\n\t\t\t\t<\/div>\n\t\t<div class=\"elementor-element elementor-element-fa18d1f e-con-full e-flex elementor-invisible e-con e-child\" data-id=\"fa18d1f\" data-element_type=\"container\" data-e-type=\"container\" data-settings=\"{&quot;animation&quot;:&quot;fadeIn&quot;,&quot;animation_delay&quot;:200}\">\n\t\t<div class=\"elementor-element elementor-element-a672f66 e-con-full e-flex e-con e-child\" data-id=\"a672f66\" data-element_type=\"container\" data-e-type=\"container\">\n\t\t<div class=\"elementor-element elementor-element-bdbd7bc e-con-full e-flex e-con e-child\" data-id=\"bdbd7bc\" data-element_type=\"container\" data-e-type=\"container\" data-settings=\"{&quot;background_background&quot;:&quot;classic&quot;}\">\n\t\t\t\t<div class=\"elementor-element elementor-element-a857096 elementor-widget elementor-widget-image\" data-id=\"a857096\" data-element_type=\"widget\" data-e-type=\"widget\" data-widget_type=\"image.default\">\n\t\t\t\t\t\t\t\t\t\t\t\t\t\t\t<img decoding=\"async\" width=\"70\" height=\"70\" src=\"http:\/\/quantia.es\/wp-content\/uploads\/2025\/11\/cultura-quantia-icon-1.webp\" class=\"attachment-large size-large wp-image-4146\" alt=\"\" srcset=\"http:\/\/quantia.es\/wp-content\/uploads\/2025\/11\/cultura-quantia-icon-1.webp 70w, http:\/\/quantia.es\/wp-content\/uploads\/2025\/11\/cultura-quantia-icon-1-12x12.png 12w\" sizes=\"(max-width: 70px) 100vw, 70px\" \/>\t\t\t\t\t\t\t\t\t\t\t\t\t\t\t<\/div>\n\t\t\t\t<\/div>\n\t\t<div class=\"elementor-element elementor-element-6f35fcf e-con-full e-flex e-con e-child\" data-id=\"6f35fcf\" data-element_type=\"container\" data-e-type=\"container\" data-settings=\"{&quot;background_background&quot;:&quot;classic&quot;}\">\n\t\t\t\t<div class=\"elementor-element elementor-element-d26c6a2 elementor-widget elementor-widget-image\" data-id=\"d26c6a2\" data-element_type=\"widget\" data-e-type=\"widget\" data-widget_type=\"image.default\">\n\t\t\t\t\t\t\t\t\t\t\t\t\t\t\t<img decoding=\"async\" width=\"70\" height=\"70\" src=\"http:\/\/quantia.es\/wp-content\/uploads\/2025\/11\/cultura-quantia-icon-2.webp\" class=\"attachment-large size-large wp-image-4145\" alt=\"\" srcset=\"http:\/\/quantia.es\/wp-content\/uploads\/2025\/11\/cultura-quantia-icon-2.webp 70w, http:\/\/quantia.es\/wp-content\/uploads\/2025\/11\/cultura-quantia-icon-2-12x12.png 12w\" sizes=\"(max-width: 70px) 100vw, 70px\" \/>\t\t\t\t\t\t\t\t\t\t\t\t\t\t\t<\/div>\n\t\t\t\t<\/div>\n\t\t<div class=\"elementor-element elementor-element-89a1ac6 e-con-full e-flex e-con e-child\" data-id=\"89a1ac6\" data-element_type=\"container\" data-e-type=\"container\" data-settings=\"{&quot;background_background&quot;:&quot;classic&quot;}\">\n\t\t\t\t<div class=\"elementor-element elementor-element-aee5e7e elementor-widget__width-initial elementor-widget elementor-widget-image\" data-id=\"aee5e7e\" data-element_type=\"widget\" data-e-type=\"widget\" data-widget_type=\"image.default\">\n\t\t\t\t\t\t\t\t\t\t\t\t\t\t\t<img loading=\"lazy\" decoding=\"async\" width=\"70\" height=\"70\" src=\"http:\/\/quantia.es\/wp-content\/uploads\/2025\/11\/cultura-quantia-icon-3.webp\" class=\"attachment-large size-large wp-image-4144\" alt=\"\" srcset=\"http:\/\/quantia.es\/wp-content\/uploads\/2025\/11\/cultura-quantia-icon-3.webp 70w, http:\/\/quantia.es\/wp-content\/uploads\/2025\/11\/cultura-quantia-icon-3-12x12.png 12w\" sizes=\"(max-width: 70px) 100vw, 70px\" \/>\t\t\t\t\t\t\t\t\t\t\t\t\t\t\t<\/div>\n\t\t\t\t<\/div>\n\t\t\t\t<\/div>\n\t\t<div class=\"elementor-element elementor-element-3bc8ce3 e-con-full e-flex e-con e-child\" data-id=\"3bc8ce3\" data-element_type=\"container\" data-e-type=\"container\">\n\t\t\t\t<div class=\"elementor-element elementor-element-9d6bf21 elementor-widget elementor-widget-image\" data-id=\"9d6bf21\" data-element_type=\"widget\" data-e-type=\"widget\" data-widget_type=\"image.default\">\n\t\t\t\t\t\t\t\t\t\t\t\t\t\t\t<img loading=\"lazy\" decoding=\"async\" width=\"398\" height=\"328\" src=\"http:\/\/quantia.es\/wp-content\/uploads\/2025\/11\/valor-a-largoplazo-img1.webp\" class=\"attachment-large size-large wp-image-4143\" alt=\"\" srcset=\"http:\/\/quantia.es\/wp-content\/uploads\/2025\/11\/valor-a-largoplazo-img1.webp 398w, http:\/\/quantia.es\/wp-content\/uploads\/2025\/11\/valor-a-largoplazo-img1-300x247.webp 300w, http:\/\/quantia.es\/wp-content\/uploads\/2025\/11\/valor-a-largoplazo-img1-15x12.png 15w\" sizes=\"(max-width: 398px) 100vw, 398px\" \/>\t\t\t\t\t\t\t\t\t\t\t\t\t\t\t<\/div>\n\t\t\t\t<div class=\"elementor-element elementor-element-736901a elementor-widget elementor-widget-image\" data-id=\"736901a\" data-element_type=\"widget\" data-e-type=\"widget\" data-widget_type=\"image.default\">\n\t\t\t\t\t\t\t\t\t\t\t\t\t\t\t<img loading=\"lazy\" decoding=\"async\" width=\"398\" height=\"328\" src=\"http:\/\/quantia.es\/wp-content\/uploads\/2025\/11\/valor-a-largoplazo-img2.webp\" class=\"attachment-large size-large wp-image-4142\" alt=\"\" srcset=\"http:\/\/quantia.es\/wp-content\/uploads\/2025\/11\/valor-a-largoplazo-img2.webp 398w, http:\/\/quantia.es\/wp-content\/uploads\/2025\/11\/valor-a-largoplazo-img2-300x247.webp 300w, http:\/\/quantia.es\/wp-content\/uploads\/2025\/11\/valor-a-largoplazo-img2-15x12.png 15w\" sizes=\"(max-width: 398px) 100vw, 398px\" \/>\t\t\t\t\t\t\t\t\t\t\t\t\t\t\t<\/div>\n\t\t\t\t<\/div>\n\t\t\t\t<\/div>\n\t\t\t\t\t<\/div>\n\t\t\t\t<\/div>\n\t\t<div class=\"elementor-element elementor-element-125652e e-flex e-con-boxed elementor-invisible e-con e-parent\" data-id=\"125652e\" data-element_type=\"container\" data-e-type=\"container\" data-settings=\"{&quot;animation&quot;:&quot;fadeIn&quot;}\">\n\t\t\t\t\t<div class=\"e-con-inner\">\n\t\t<div class=\"elementor-element elementor-element-49323ca e-con-full e-flex elementor-invisible e-con e-child\" data-id=\"49323ca\" data-element_type=\"container\" data-e-type=\"container\" data-settings=\"{&quot;background_background&quot;:&quot;classic&quot;,&quot;animation&quot;:&quot;fadeIn&quot;}\">\n\t\t<div class=\"elementor-element elementor-element-904d97b e-con-full e-flex e-con e-child\" data-id=\"904d97b\" data-element_type=\"container\" data-e-type=\"container\">\n\t\t\t\t<div class=\"elementor-element elementor-element-055c3c6 elementor-widget elementor-widget-heading\" data-id=\"055c3c6\" data-element_type=\"widget\" data-e-type=\"widget\" data-widget_type=\"heading.default\">\n\t\t\t\t\t<h3 class=\"elementor-heading-title elementor-size-default\">Innovaci\u00f3n constante y crecimiento con impacto<\/h3>\t\t\t\t<\/div>\n\t\t\t\t<div class=\"elementor-element elementor-element-ccb7eab elementor-widget__width-initial elementor-widget elementor-widget-text-editor\" data-id=\"ccb7eab\" data-element_type=\"widget\" data-e-type=\"widget\" data-widget_type=\"text-editor.default\">\n\t\t\t\t\t\t\t\t\t<p>Invertimos de manera continua en tecnolog\u00eda, conocimiento y desarrollo. Innovamos en la pr\u00e1ctica porque entendemos que la competitividad se sostiene con recursos, talento y una estrategia clara. Crecemos r\u00e1pido, s\u00ed, pero siempre con el objetivo de transformar mercados y generar un impacto real que cambie la manera de pensar, trabajar y hacer negocios.<\/p>\t\t\t\t\t\t\t\t<\/div>\n\t\t\t\t<\/div>\n\t\t<div class=\"elementor-element elementor-element-eae858e e-con-full e-flex e-con e-child\" data-id=\"eae858e\" data-element_type=\"container\" data-e-type=\"container\">\n\t\t\t\t<div class=\"elementor-element elementor-element-a7b5840 elementor-widget elementor-widget-image\" data-id=\"a7b5840\" data-element_type=\"widget\" data-e-type=\"widget\" data-widget_type=\"image.default\">\n\t\t\t\t\t\t\t\t\t\t\t\t\t\t\t<img loading=\"lazy\" decoding=\"async\" width=\"100\" height=\"100\" src=\"http:\/\/quantia.es\/wp-content\/uploads\/2025\/11\/innovacion-constante-icon.webp\" class=\"attachment-large size-large wp-image-4141\" alt=\"\" srcset=\"http:\/\/quantia.es\/wp-content\/uploads\/2025\/11\/innovacion-constante-icon.webp 100w, http:\/\/quantia.es\/wp-content\/uploads\/2025\/11\/innovacion-constante-icon-12x12.png 12w\" sizes=\"(max-width: 100px) 100vw, 100px\" \/>\t\t\t\t\t\t\t\t\t\t\t\t\t\t\t<\/div>\n\t\t\t\t<\/div>\n\t\t\t\t<\/div>\n\t\t\t\t\t<\/div>\n\t\t\t\t<\/div>\n\t\t<div class=\"elementor-element elementor-element-9472d08 e-flex e-con-boxed elementor-invisible e-con e-parent\" data-id=\"9472d08\" data-element_type=\"container\" data-e-type=\"container\" data-settings=\"{&quot;animation&quot;:&quot;fadeIn&quot;}\">\n\t\t\t\t\t<div class=\"e-con-inner\">\n\t\t<div class=\"elementor-element elementor-element-c62593e e-con-full e-flex e-con e-child\" data-id=\"c62593e\" data-element_type=\"container\" data-e-type=\"container\">\n\t\t\t\t<div class=\"elementor-element elementor-element-a774e5e elementor-widget elementor-widget-heading\" data-id=\"a774e5e\" data-element_type=\"widget\" data-e-type=\"widget\" data-widget_type=\"heading.default\">\n\t\t\t\t\t<h2 class=\"elementor-heading-title elementor-size-default\">Un marco justo y colaborativo<\/h2>\t\t\t\t<\/div>\n\t\t\t\t<div class=\"elementor-element elementor-element-b2c75da elementor-widget__width-initial elementor-widget elementor-widget-text-editor\" data-id=\"b2c75da\" data-element_type=\"widget\" data-e-type=\"widget\" data-widget_type=\"text-editor.default\">\n\t\t\t\t\t\t\t\t\t<p>Nuestra cultura est\u00e1 basada en la equidad, el m\u00e9rito y la colaboraci\u00f3n. Compensamos el esfuerzo de forma justa y equilibrada, y apostamos por un modelo que se aleja de la competencia interna para impulsar el conocimiento compartido. El trabajo en equipo, la cooperaci\u00f3n y el respeto mutuo son los pilares que dan fuerza a toda la organizaci\u00f3n.<\/p>\t\t\t\t\t\t\t\t<\/div>\n\t\t\t\t<\/div>\n\t\t<div class=\"elementor-element elementor-element-caebe3b e-con-full e-flex e-con e-child\" data-id=\"caebe3b\" data-element_type=\"container\" data-e-type=\"container\">\n\t\t\t\t<div class=\"elementor-element elementor-element-e6edbb3 elementor-widget elementor-widget-image\" data-id=\"e6edbb3\" data-element_type=\"widget\" data-e-type=\"widget\" data-widget_type=\"image.default\">\n\t\t\t\t\t\t\t\t\t\t\t\t\t\t\t<img loading=\"lazy\" decoding=\"async\" width=\"617\" height=\"435\" src=\"http:\/\/quantia.es\/wp-content\/uploads\/2025\/11\/marco-justo-y-colaborativo.webp\" class=\"attachment-large size-large wp-image-4140\" alt=\"\" srcset=\"http:\/\/quantia.es\/wp-content\/uploads\/2025\/11\/marco-justo-y-colaborativo.webp 617w, http:\/\/quantia.es\/wp-content\/uploads\/2025\/11\/marco-justo-y-colaborativo-300x212.webp 300w, http:\/\/quantia.es\/wp-content\/uploads\/2025\/11\/marco-justo-y-colaborativo-18x12.png 18w\" sizes=\"(max-width: 617px) 100vw, 617px\" \/>\t\t\t\t\t\t\t\t\t\t\t\t\t\t\t<\/div>\n\t\t\t\t<\/div>\n\t\t\t\t\t<\/div>\n\t\t\t\t<\/div>\n\t\t<div class=\"elementor-element elementor-element-86cb087 e-flex e-con-boxed elementor-invisible e-con e-parent\" data-id=\"86cb087\" data-element_type=\"container\" data-e-type=\"container\" data-settings=\"{&quot;animation&quot;:&quot;fadeIn&quot;}\">\n\t\t\t\t\t<div class=\"e-con-inner\">\n\t\t<div class=\"elementor-element elementor-element-74c87cb e-con-full e-flex elementor-invisible e-con e-child\" data-id=\"74c87cb\" data-element_type=\"container\" data-e-type=\"container\" data-settings=\"{&quot;background_background&quot;:&quot;classic&quot;,&quot;animation&quot;:&quot;fadeIn&quot;}\">\n\t\t<div class=\"elementor-element elementor-element-57ada14 e-con-full e-flex e-con e-child\" data-id=\"57ada14\" data-element_type=\"container\" data-e-type=\"container\">\n\t\t\t\t<div class=\"elementor-element elementor-element-57fa9ee elementor-widget elementor-widget-image\" data-id=\"57fa9ee\" data-element_type=\"widget\" data-e-type=\"widget\" data-widget_type=\"image.default\">\n\t\t\t\t\t\t\t\t\t\t\t\t\t\t\t<img loading=\"lazy\" decoding=\"async\" width=\"100\" height=\"100\" src=\"http:\/\/quantia.es\/wp-content\/uploads\/2025\/11\/talento-icon.webp\" class=\"attachment-large size-large wp-image-4139\" alt=\"\" srcset=\"http:\/\/quantia.es\/wp-content\/uploads\/2025\/11\/talento-icon.webp 100w, http:\/\/quantia.es\/wp-content\/uploads\/2025\/11\/talento-icon-12x12.png 12w\" sizes=\"(max-width: 100px) 100vw, 100px\" \/>\t\t\t\t\t\t\t\t\t\t\t\t\t\t\t<\/div>\n\t\t\t\t<\/div>\n\t\t<div class=\"elementor-element elementor-element-b6fa756 e-con-full e-flex e-con e-child\" data-id=\"b6fa756\" data-element_type=\"container\" data-e-type=\"container\">\n\t\t\t\t<div class=\"elementor-element elementor-element-3419c7a elementor-widget elementor-widget-heading\" data-id=\"3419c7a\" data-element_type=\"widget\" data-e-type=\"widget\" data-widget_type=\"heading.default\">\n\t\t\t\t\t<h3 class=\"elementor-heading-title elementor-size-default\">El talento como motor de futuro<\/h3>\t\t\t\t<\/div>\n\t\t\t\t<div class=\"elementor-element elementor-element-6e05f3d elementor-widget__width-initial elementor-widget elementor-widget-text-editor\" data-id=\"6e05f3d\" data-element_type=\"widget\" data-e-type=\"widget\" data-widget_type=\"text-editor.default\">\n\t\t\t\t\t\t\t\t\t<p>Sabemos que nuestro valor nace de las personas que forman Quantia. Por eso promovemos un trato cercano y cordial, la formaci\u00f3n continua y un entorno en el que la curiosidad y el desarrollo profesional tengan siempre espacio. Queremos que los mejores quieran estar con nosotros, y que encuentren aqu\u00ed un lugar donde crecer y aportar significado a su trabajo.<\/p>\t\t\t\t\t\t\t\t<\/div>\n\t\t\t\t<\/div>\n\t\t\t\t<\/div>\n\t\t\t\t\t<\/div>\n\t\t\t\t<\/div>\n\t\t<div class=\"elementor-element elementor-element-2d66c47 e-flex e-con-boxed elementor-invisible e-con e-parent\" data-id=\"2d66c47\" data-element_type=\"container\" data-e-type=\"container\" data-settings=\"{&quot;animation&quot;:&quot;fadeIn&quot;}\">\n\t\t\t\t\t<div class=\"e-con-inner\">\n\t\t<div class=\"elementor-element elementor-element-786d154 e-con-full e-flex e-con e-child\" data-id=\"786d154\" data-element_type=\"container\" data-e-type=\"container\" data-settings=\"{&quot;background_background&quot;:&quot;classic&quot;}\">\n\t\t<div class=\"elementor-element elementor-element-c967bb3 e-con-full e-flex e-con e-child\" data-id=\"c967bb3\" data-element_type=\"container\" data-e-type=\"container\">\n\t\t\t\t<div class=\"elementor-element elementor-element-8c40307 elementor-widget elementor-widget-heading\" data-id=\"8c40307\" data-element_type=\"widget\" data-e-type=\"widget\" data-widget_type=\"heading.default\">\n\t\t\t\t\t<h4 class=\"elementor-heading-title elementor-size-default\">Porque trabajar con nosotros es ser parte de algo mejor\n<\/h4>\t\t\t\t<\/div>\n\t\t\t\t<div class=\"elementor-element elementor-element-104aa76 elementor-widget__width-initial elementor-widget elementor-widget-text-editor\" data-id=\"104aa76\" data-element_type=\"widget\" data-e-type=\"widget\" data-widget_type=\"text-editor.default\">\n\t\t\t\t\t\t\t\t\t<p>En Quantia no solo se trabaja: se transforma la forma de hacer las cosas. Nuestro compromiso con DE&amp;I es parte del valor que ofrecemos como partner y como comunidad.<\/p>\t\t\t\t\t\t\t\t<\/div>\n\t\t\t\t<div class=\"elementor-element elementor-element-548b93a elementor-widget__width-initial elementor-widget elementor-widget-text-editor\" data-id=\"548b93a\" data-element_type=\"widget\" data-e-type=\"widget\" data-widget_type=\"text-editor.default\">\n\t\t\t\t\t\t\t\t\t<p><strong>\u00bfTe gustar\u00eda trabajar con nosotros?<\/strong><\/p>\t\t\t\t\t\t\t\t<\/div>\n\t\t<div class=\"elementor-element elementor-element-ffa8d57 e-con-full e-flex e-con e-child\" data-id=\"ffa8d57\" data-element_type=\"container\" data-e-type=\"container\">\n\t\t\t\t<div class=\"elementor-element elementor-element-ded34d5 elementor-widget elementor-widget-button\" data-id=\"ded34d5\" data-element_type=\"widget\" data-e-type=\"widget\" data-widget_type=\"button.default\">\n\t\t\t\t\t\t\t\t\t\t<a class=\"elementor-button elementor-button-link elementor-size-sm\" href=\"\/en\/contacto\/\">\n\t\t\t\t\t\t<span class=\"elementor-button-content-wrapper\">\n\t\t\t\t\t\t\t\t\t<span class=\"elementor-button-text\">Explora nuestras vacantes <\/span>\n\t\t\t\t\t<\/span>\n\t\t\t\t\t<\/a>\n\t\t\t\t\t\t\t\t<\/div>\n\t\t\t\t<div class=\"elementor-element elementor-element-898ca55 elementor-widget elementor-widget-image\" data-id=\"898ca55\" data-element_type=\"widget\" data-e-type=\"widget\" data-widget_type=\"image.default\">\n\t\t\t\t\t\t\t\t\t\t\t\t\t\t\t\t<a href=\"\/en\/contacto\/\">\n\t\t\t\t\t\t\t<img loading=\"lazy\" decoding=\"async\" width=\"1\" height=\"1\" src=\"http:\/\/quantia.es\/wp-content\/uploads\/2025\/08\/Boton_icono_arrow.svg\" class=\"attachment-large size-large wp-image-119\" alt=\"\" \/>\t\t\t\t\t\t\t\t<\/a>\n\t\t\t\t\t\t\t\t\t\t\t\t\t\t\t<\/div>\n\t\t\t\t<\/div>\n\t\t\t\t<\/div>\n\t\t\t\t<\/div>\n\t\t\t\t\t<\/div>\n\t\t\t\t<\/div>\n\t\t\t\t<\/div>","protected":false},"excerpt":{"rendered":"<p>Valor a largo plazo como prioridad En Quantia creemos que el verdadero \u00e9xito no se mide solo en resultados inmediatos, sino en la capacidad de generar valor sostenible. Todas nuestras decisiones est\u00e1n orientadas a construir una compa\u00f1\u00eda s\u00f3lida, con clientes satisfechos y recurrentes, una posici\u00f3n financiera estable y un modelo preparado para los retos del [&hellip;]<\/p>\n","protected":false},"author":2,"featured_media":0,"parent":0,"menu_order":0,"comment_status":"closed","ping_status":"closed","template":"","meta":{"footnotes":""},"class_list":["post-4136","page","type-page","status-publish","hentry"],"_links":{"self":[{"href":"https:\/\/quantia.es\/en\/wp-json\/wp\/v2\/pages\/4136","targetHints":{"allow":["GET"]}}],"collection":[{"href":"https:\/\/quantia.es\/en\/wp-json\/wp\/v2\/pages"}],"about":[{"href":"https:\/\/quantia.es\/en\/wp-json\/wp\/v2\/types\/page"}],"author":[{"embeddable":true,"href":"https:\/\/quantia.es\/en\/wp-json\/wp\/v2\/users\/2"}],"replies":[{"embeddable":true,"href":"https:\/\/quantia.es\/en\/wp-json\/wp\/v2\/comments?post=4136"}],"version-history":[{"count":24,"href":"https:\/\/quantia.es\/en\/wp-json\/wp\/v2\/pages\/4136\/revisions"}],"predecessor-version":[{"id":4470,"href":"https:\/\/quantia.es\/en\/wp-json\/wp\/v2\/pages\/4136\/revisions\/4470"}],"wp:attachment":[{"href":"https:\/\/quantia.es\/en\/wp-json\/wp\/v2\/media?parent=4136"}],"curies":[{"name":"wp","href":"https:\/\/api.w.org\/{rel}","templated":true}]}}