{"id":4117,"date":"2025-11-06T09:51:34","date_gmt":"2025-11-06T08:51:34","guid":{"rendered":"https:\/\/quantia.es\/?page_id=4117"},"modified":"2025-11-13T11:31:35","modified_gmt":"2025-11-13T10:31:35","slug":"excelencia-operacional","status":"publish","type":"page","link":"https:\/\/quantia.es\/en\/excelencia-operacional\/","title":{"rendered":"Excelencia operacional"},"content":{"rendered":"<div data-elementor-type=\"wp-page\" data-elementor-id=\"4117\" class=\"elementor elementor-4117\" data-elementor-post-type=\"page\">\n\t\t\t\t<div class=\"elementor-element elementor-element-e81d90e e-flex e-con-boxed e-con e-parent\" data-id=\"e81d90e\" data-element_type=\"container\" data-e-type=\"container\">\n\t\t\t\t\t<div class=\"e-con-inner\">\n\t\t<div class=\"elementor-element elementor-element-7949f63 e-con-full e-flex elementor-invisible e-con e-child\" data-id=\"7949f63\" data-element_type=\"container\" data-e-type=\"container\" data-settings=\"{&quot;animation&quot;:&quot;fadeIn&quot;}\">\n\t\t<div class=\"elementor-element elementor-element-d9a4ce9 e-con-full e-flex e-con e-child\" data-id=\"d9a4ce9\" data-element_type=\"container\" data-e-type=\"container\">\n\t\t\t\t<div class=\"elementor-element elementor-element-614ac98 elementor-widget elementor-widget-heading\" data-id=\"614ac98\" data-element_type=\"widget\" data-e-type=\"widget\" data-widget_type=\"heading.default\">\n\t\t\t\t\t<h1 class=\"elementor-heading-title elementor-size-default\">Comprometidos con la excelencia operacional<\/h1>\t\t\t\t<\/div>\n\t\t\t\t<div class=\"elementor-element elementor-element-eddddca elementor-widget__width-initial elementor-widget elementor-widget-text-editor\" data-id=\"eddddca\" data-element_type=\"widget\" data-e-type=\"widget\" data-widget_type=\"text-editor.default\">\n\t\t\t\t\t\t\t\t\t<p>En Quantia hemos construido un modelo de gesti\u00f3n basado en procesos s\u00f3lidos, medibles y certificados. Contamos con la acreditaci\u00f3n ISO 9001, 14001, 19650 y el Esquema Nacional de Seguridad (nivel medio), que garantizan la calidad, la seguridad y la sostenibilidad de todas nuestras operaciones.<\/p>\t\t\t\t\t\t\t\t<\/div>\n\t\t\t\t<\/div>\n\t\t<div class=\"elementor-element elementor-element-558e2aa e-con-full e-flex e-con e-child\" data-id=\"558e2aa\" data-element_type=\"container\" data-e-type=\"container\" data-settings=\"{&quot;position&quot;:&quot;absolute&quot;}\">\n\t\t\t\t<div class=\"elementor-element elementor-element-b855d16 elementor-widget elementor-widget-image\" data-id=\"b855d16\" data-element_type=\"widget\" data-e-type=\"widget\" data-widget_type=\"image.default\">\n\t\t\t\t\t\t\t\t\t\t\t\t\t\t\t<img decoding=\"async\" width=\"1\" height=\"1\" src=\"https:\/\/quantia.es\/wp-content\/uploads\/2025\/08\/Rectangle-scroll-2.svg\" class=\"attachment-large size-large wp-image-556\" alt=\"\" \/>\t\t\t\t\t\t\t\t\t\t\t\t\t\t\t<\/div>\n\t\t\t\t<div class=\"elementor-element elementor-element-fc74302 elementor-widget elementor-widget-heading\" data-id=\"fc74302\" data-element_type=\"widget\" data-e-type=\"widget\" data-widget_type=\"heading.default\">\n\t\t\t\t\t<p class=\"elementor-heading-title elementor-size-default\">Scroll para explorar<\/p>\t\t\t\t<\/div>\n\t\t\t\t<\/div>\n\t\t\t\t<\/div>\n\t\t<div class=\"elementor-element elementor-element-859da58 e-con-full e-flex elementor-invisible e-con e-child\" data-id=\"859da58\" data-element_type=\"container\" data-e-type=\"container\" data-settings=\"{&quot;animation&quot;:&quot;fadeIn&quot;,&quot;animation_delay&quot;:200}\">\n\t\t<div class=\"elementor-element elementor-element-cbda9b6 e-con-full e-flex e-con e-child\" data-id=\"cbda9b6\" data-element_type=\"container\" data-e-type=\"container\">\n\t\t<div class=\"elementor-element elementor-element-b56fa3f e-con-full e-flex e-con e-child\" data-id=\"b56fa3f\" data-element_type=\"container\" data-e-type=\"container\" data-settings=\"{&quot;background_background&quot;:&quot;classic&quot;}\">\n\t\t\t\t<div class=\"elementor-element elementor-element-062502f elementor-widget elementor-widget-image\" data-id=\"062502f\" data-element_type=\"widget\" data-e-type=\"widget\" data-widget_type=\"image.default\">\n\t\t\t\t\t\t\t\t\t\t\t\t\t\t\t<img decoding=\"async\" width=\"69\" height=\"69\" src=\"https:\/\/quantia.es\/wp-content\/uploads\/2025\/11\/excelencia-icon-1.webp\" class=\"attachment-large size-large wp-image-4126\" alt=\"\" srcset=\"https:\/\/quantia.es\/wp-content\/uploads\/2025\/11\/excelencia-icon-1.webp 69w, https:\/\/quantia.es\/wp-content\/uploads\/2025\/11\/excelencia-icon-1-12x12.png 12w\" sizes=\"(max-width: 69px) 100vw, 69px\" \/>\t\t\t\t\t\t\t\t\t\t\t\t\t\t\t<\/div>\n\t\t\t\t<\/div>\n\t\t<div class=\"elementor-element elementor-element-376a4f0 e-con-full e-flex e-con e-child\" data-id=\"376a4f0\" data-element_type=\"container\" data-e-type=\"container\" data-settings=\"{&quot;background_background&quot;:&quot;classic&quot;}\">\n\t\t\t\t<div class=\"elementor-element elementor-element-55ed3ac elementor-widget elementor-widget-image\" data-id=\"55ed3ac\" data-element_type=\"widget\" data-e-type=\"widget\" data-widget_type=\"image.default\">\n\t\t\t\t\t\t\t\t\t\t\t\t\t\t\t<img decoding=\"async\" width=\"71\" height=\"71\" src=\"https:\/\/quantia.es\/wp-content\/uploads\/2025\/11\/excelencia-icon-2.webp\" class=\"attachment-large size-large wp-image-4125\" alt=\"\" srcset=\"https:\/\/quantia.es\/wp-content\/uploads\/2025\/11\/excelencia-icon-2.webp 71w, https:\/\/quantia.es\/wp-content\/uploads\/2025\/11\/excelencia-icon-2-12x12.png 12w\" sizes=\"(max-width: 71px) 100vw, 71px\" \/>\t\t\t\t\t\t\t\t\t\t\t\t\t\t\t<\/div>\n\t\t\t\t<\/div>\n\t\t<div class=\"elementor-element elementor-element-66a39e0 e-con-full e-flex e-con e-child\" data-id=\"66a39e0\" data-element_type=\"container\" data-e-type=\"container\" data-settings=\"{&quot;background_background&quot;:&quot;classic&quot;}\">\n\t\t\t\t<div class=\"elementor-element elementor-element-11b1a44 elementor-widget__width-initial elementor-widget elementor-widget-image\" data-id=\"11b1a44\" data-element_type=\"widget\" data-e-type=\"widget\" data-widget_type=\"image.default\">\n\t\t\t\t\t\t\t\t\t\t\t\t\t\t\t<img loading=\"lazy\" decoding=\"async\" width=\"69\" height=\"69\" src=\"https:\/\/quantia.es\/wp-content\/uploads\/2025\/11\/excelencia-icon-3.webp\" class=\"attachment-large size-large wp-image-4124\" alt=\"\" srcset=\"https:\/\/quantia.es\/wp-content\/uploads\/2025\/11\/excelencia-icon-3.webp 69w, https:\/\/quantia.es\/wp-content\/uploads\/2025\/11\/excelencia-icon-3-12x12.png 12w\" sizes=\"(max-width: 69px) 100vw, 69px\" \/>\t\t\t\t\t\t\t\t\t\t\t\t\t\t\t<\/div>\n\t\t\t\t<\/div>\n\t\t\t\t<\/div>\n\t\t<div class=\"elementor-element elementor-element-1a8986d e-con-full e-flex e-con e-child\" data-id=\"1a8986d\" data-element_type=\"container\" data-e-type=\"container\">\n\t\t\t\t<div class=\"elementor-element elementor-element-7b5848e elementor-widget elementor-widget-image\" data-id=\"7b5848e\" data-element_type=\"widget\" data-e-type=\"widget\" data-widget_type=\"image.default\">\n\t\t\t\t\t\t\t\t\t\t\t\t\t\t\t<img loading=\"lazy\" decoding=\"async\" width=\"398\" height=\"328\" src=\"https:\/\/quantia.es\/wp-content\/uploads\/2025\/11\/excelencia-operacional-img.webp\" class=\"attachment-large size-large wp-image-4123\" alt=\"\" srcset=\"https:\/\/quantia.es\/wp-content\/uploads\/2025\/11\/excelencia-operacional-img.webp 398w, https:\/\/quantia.es\/wp-content\/uploads\/2025\/11\/excelencia-operacional-img-300x247.webp 300w, https:\/\/quantia.es\/wp-content\/uploads\/2025\/11\/excelencia-operacional-img-15x12.png 15w\" sizes=\"(max-width: 398px) 100vw, 398px\" \/>\t\t\t\t\t\t\t\t\t\t\t\t\t\t\t<\/div>\n\t\t\t\t<div class=\"elementor-element elementor-element-4d4c2c5 elementor-widget elementor-widget-image\" data-id=\"4d4c2c5\" data-element_type=\"widget\" data-e-type=\"widget\" data-widget_type=\"image.default\">\n\t\t\t\t\t\t\t\t\t\t\t\t\t\t\t<img loading=\"lazy\" decoding=\"async\" width=\"398\" height=\"328\" src=\"https:\/\/quantia.es\/wp-content\/uploads\/2025\/11\/excelencia-operacional-img2.webp\" class=\"attachment-large size-large wp-image-4122\" alt=\"\" srcset=\"https:\/\/quantia.es\/wp-content\/uploads\/2025\/11\/excelencia-operacional-img2.webp 398w, https:\/\/quantia.es\/wp-content\/uploads\/2025\/11\/excelencia-operacional-img2-300x247.webp 300w, https:\/\/quantia.es\/wp-content\/uploads\/2025\/11\/excelencia-operacional-img2-15x12.png 15w\" sizes=\"(max-width: 398px) 100vw, 398px\" \/>\t\t\t\t\t\t\t\t\t\t\t\t\t\t\t<\/div>\n\t\t\t\t<\/div>\n\t\t\t\t<\/div>\n\t\t\t\t\t<\/div>\n\t\t\t\t<\/div>\n\t\t<div class=\"elementor-element elementor-element-76b35af e-flex e-con-boxed elementor-invisible e-con e-parent\" data-id=\"76b35af\" data-element_type=\"container\" data-e-type=\"container\" data-settings=\"{&quot;animation&quot;:&quot;fadeIn&quot;}\">\n\t\t\t\t\t<div class=\"e-con-inner\">\n\t\t<div class=\"elementor-element elementor-element-c6541f2 e-con-full e-flex e-con e-child\" data-id=\"c6541f2\" data-element_type=\"container\" data-e-type=\"container\">\n\t\t<div class=\"elementor-element elementor-element-b4dc700 e-con-full e-flex e-con e-child\" data-id=\"b4dc700\" data-element_type=\"container\" data-e-type=\"container\">\n\t\t<div class=\"elementor-element elementor-element-946031c e-con-full e-flex e-con e-child\" data-id=\"946031c\" data-element_type=\"container\" data-e-type=\"container\">\n\t\t\t\t<div class=\"elementor-element elementor-element-384c323 elementor-widget elementor-widget-heading\" data-id=\"384c323\" data-element_type=\"widget\" data-e-type=\"widget\" data-widget_type=\"heading.default\">\n\t\t\t\t\t<h2 class=\"elementor-heading-title elementor-size-default\">Crecimiento con bases firmes<\/h2>\t\t\t\t<\/div>\n\t\t\t\t<\/div>\n\t\t<div class=\"elementor-element elementor-element-fb966ea e-con-full e-flex e-con e-child\" data-id=\"fb966ea\" data-element_type=\"container\" data-e-type=\"container\">\n\t\t\t\t<div class=\"elementor-element elementor-element-406efb0 elementor-widget__width-initial elementor-widget elementor-widget-text-editor\" data-id=\"406efb0\" data-element_type=\"widget\" data-e-type=\"widget\" data-widget_type=\"text-editor.default\">\n\t\t\t\t\t\t\t\t\t<p>Nuestro objetivo es escalar con rapidez, pero siempre de forma controlada. Los sistemas que hemos implantado nos permiten asumir m\u00e1s proyectos, incrementar nuestra capacidad y garantizar la continuidad, sin comprometer la calidad del servicio ni la satisfacci\u00f3n de nuestros clientes.<\/p>\t\t\t\t\t\t\t\t<\/div>\n\t\t\t\t<\/div>\n\t\t\t\t<\/div>\n\t\t\t\t<\/div>\n\t\t\t\t\t<\/div>\n\t\t\t\t<\/div>\n\t\t<div class=\"elementor-element elementor-element-d934eec e-flex e-con-boxed e-con e-parent\" data-id=\"d934eec\" data-element_type=\"container\" data-e-type=\"container\">\n\t\t\t\t\t<div class=\"e-con-inner\">\n\t\t<div class=\"elementor-element elementor-element-e43bab3 e-con-full e-flex elementor-invisible e-con e-child\" data-id=\"e43bab3\" data-element_type=\"container\" data-e-type=\"container\" data-settings=\"{&quot;animation&quot;:&quot;fadeIn&quot;}\">\n\t\t<div class=\"elementor-element elementor-element-d2a3a3d e-con-full e-flex e-con e-child\" data-id=\"d2a3a3d\" data-element_type=\"container\" data-e-type=\"container\" data-settings=\"{&quot;background_background&quot;:&quot;classic&quot;}\">\n\t\t<div class=\"elementor-element elementor-element-195dce5 e-con-full e-flex e-con e-child\" data-id=\"195dce5\" data-element_type=\"container\" data-e-type=\"container\">\n\t\t\t\t<div class=\"elementor-element elementor-element-e33790e elementor-widget elementor-widget-image\" data-id=\"e33790e\" data-element_type=\"widget\" data-e-type=\"widget\" data-widget_type=\"image.default\">\n\t\t\t\t\t\t\t\t\t\t\t\t\t\t\t<img loading=\"lazy\" decoding=\"async\" width=\"69\" height=\"69\" src=\"https:\/\/quantia.es\/wp-content\/uploads\/2025\/11\/solidez-icon.webp\" class=\"attachment-large size-large wp-image-4121\" alt=\"\" srcset=\"https:\/\/quantia.es\/wp-content\/uploads\/2025\/11\/solidez-icon.webp 69w, https:\/\/quantia.es\/wp-content\/uploads\/2025\/11\/solidez-icon-12x12.png 12w\" sizes=\"(max-width: 69px) 100vw, 69px\" \/>\t\t\t\t\t\t\t\t\t\t\t\t\t\t\t<\/div>\n\t\t\t\t<div class=\"elementor-element elementor-element-8e7cca8 elementor-widget elementor-widget-heading\" data-id=\"8e7cca8\" data-element_type=\"widget\" data-e-type=\"widget\" data-widget_type=\"heading.default\">\n\t\t\t\t\t<h2 class=\"elementor-heading-title elementor-size-default\">Un marco que potencia a las personas<\/h2>\t\t\t\t<\/div>\n\t\t\t\t<\/div>\n\t\t\t\t<div class=\"elementor-element elementor-element-681bbc0 elementor-widget__width-initial elementor-widget elementor-widget-text-editor\" data-id=\"681bbc0\" data-element_type=\"widget\" data-e-type=\"widget\" data-widget_type=\"text-editor.default\">\n\t\t\t\t\t\t\t\t\t<p>Los procesos de Quantia aseguran una integraci\u00f3n ordenada y eficaz de nuevos compa\u00f1eros, creando un entorno de trabajo donde cada profesional puede desplegar su talento. Esto refuerza la cohesi\u00f3n del equipo y asegura que cada proyecto se ejecute con m\u00e1xima eficacia y consistencia.<\/p>\t\t\t\t\t\t\t\t<\/div>\n\t\t\t\t<\/div>\n\t\t<div class=\"elementor-element elementor-element-96a50a3 e-con-full e-flex e-con e-child\" data-id=\"96a50a3\" data-element_type=\"container\" data-e-type=\"container\" data-settings=\"{&quot;background_background&quot;:&quot;classic&quot;}\">\n\t\t\t\t<\/div>\n\t\t\t\t<\/div>\n\t\t<div class=\"elementor-element elementor-element-47cfc97 e-con-full e-flex elementor-invisible e-con e-child\" data-id=\"47cfc97\" data-element_type=\"container\" data-e-type=\"container\" data-settings=\"{&quot;animation&quot;:&quot;fadeIn&quot;}\">\n\t\t<div class=\"elementor-element elementor-element-ac2f8af e-con-full e-flex e-con e-child\" data-id=\"ac2f8af\" data-element_type=\"container\" data-e-type=\"container\">\n\t\t<div class=\"elementor-element elementor-element-95c5f2f e-con-full e-flex e-con e-child\" data-id=\"95c5f2f\" data-element_type=\"container\" data-e-type=\"container\">\n\t\t\t\t<div class=\"elementor-element elementor-element-6d73551 elementor-widget elementor-widget-image\" data-id=\"6d73551\" data-element_type=\"widget\" data-e-type=\"widget\" data-widget_type=\"image.default\">\n\t\t\t\t\t\t\t\t\t\t\t\t\t\t\t<img loading=\"lazy\" decoding=\"async\" width=\"71\" height=\"71\" src=\"https:\/\/quantia.es\/wp-content\/uploads\/2025\/11\/confianza-icon.webp\" class=\"attachment-large size-large wp-image-4120\" alt=\"\" srcset=\"https:\/\/quantia.es\/wp-content\/uploads\/2025\/11\/confianza-icon.webp 71w, https:\/\/quantia.es\/wp-content\/uploads\/2025\/11\/confianza-icon-12x12.png 12w\" sizes=\"(max-width: 71px) 100vw, 71px\" \/>\t\t\t\t\t\t\t\t\t\t\t\t\t\t\t<\/div>\n\t\t\t\t<div class=\"elementor-element elementor-element-7143ca9 elementor-widget elementor-widget-heading\" data-id=\"7143ca9\" data-element_type=\"widget\" data-e-type=\"widget\" data-widget_type=\"heading.default\">\n\t\t\t\t\t<h2 class=\"elementor-heading-title elementor-size-default\">Solidez que genera confianza<\/h2>\t\t\t\t<\/div>\n\t\t\t\t<\/div>\n\t\t\t\t<div class=\"elementor-element elementor-element-0b5d2a2 elementor-widget__width-initial elementor-widget elementor-widget-text-editor\" data-id=\"0b5d2a2\" data-element_type=\"widget\" data-e-type=\"widget\" data-widget_type=\"text-editor.default\">\n\t\t\t\t\t\t\t\t\t<p>Gracias a esta cultura de excelencia, nos hemos consolidado como un socio fiable para clientes, una apuesta segura para inversores y un entorno atractivo para quienes quieren contribuir al crecimiento de una compa\u00f1\u00eda que piensa en el futuro.<\/p>\t\t\t\t\t\t\t\t<\/div>\n\t\t\t\t<\/div>\n\t\t<div class=\"elementor-element elementor-element-8fd987d e-con-full e-flex e-con e-child\" data-id=\"8fd987d\" data-element_type=\"container\" data-e-type=\"container\" data-settings=\"{&quot;background_background&quot;:&quot;classic&quot;}\">\n\t\t\t\t<\/div>\n\t\t\t\t<\/div>\n\t\t\t\t\t<\/div>\n\t\t\t\t<\/div>\n\t\t\t\t<\/div>","protected":false},"excerpt":{"rendered":"<p>Comprometidos con la excelencia operacional En Quantia hemos construido un modelo de gesti\u00f3n basado en procesos s\u00f3lidos, medibles y certificados. Contamos con la acreditaci\u00f3n ISO 9001, 14001, 19650 y el Esquema Nacional de Seguridad (nivel medio), que garantizan la calidad, la seguridad y la sostenibilidad de todas nuestras operaciones. Scroll para explorar Crecimiento con bases [&hellip;]<\/p>\n","protected":false},"author":2,"featured_media":0,"parent":0,"menu_order":0,"comment_status":"closed","ping_status":"closed","template":"","meta":{"footnotes":""},"class_list":["post-4117","page","type-page","status-publish","hentry"],"_links":{"self":[{"href":"https:\/\/quantia.es\/en\/wp-json\/wp\/v2\/pages\/4117","targetHints":{"allow":["GET"]}}],"collection":[{"href":"https:\/\/quantia.es\/en\/wp-json\/wp\/v2\/pages"}],"about":[{"href":"https:\/\/quantia.es\/en\/wp-json\/wp\/v2\/types\/page"}],"author":[{"embeddable":true,"href":"https:\/\/quantia.es\/en\/wp-json\/wp\/v2\/users\/2"}],"replies":[{"embeddable":true,"href":"https:\/\/quantia.es\/en\/wp-json\/wp\/v2\/comments?post=4117"}],"version-history":[{"count":11,"href":"https:\/\/quantia.es\/en\/wp-json\/wp\/v2\/pages\/4117\/revisions"}],"predecessor-version":[{"id":4162,"href":"https:\/\/quantia.es\/en\/wp-json\/wp\/v2\/pages\/4117\/revisions\/4162"}],"wp:attachment":[{"href":"https:\/\/quantia.es\/en\/wp-json\/wp\/v2\/media?parent=4117"}],"curies":[{"name":"wp","href":"https:\/\/api.w.org\/{rel}","templated":true}]}}