{"id":1735,"date":"2025-09-01T12:48:13","date_gmt":"2025-09-01T10:48:13","guid":{"rendered":"https:\/\/quantia.dev2.increnta.com\/?page_id=1735"},"modified":"2026-03-30T16:29:58","modified_gmt":"2026-03-30T14:29:58","slug":"sostenibilidad","status":"publish","type":"page","link":"https:\/\/quantia.es\/en\/sostenibilidad\/","title":{"rendered":"Sostenibilidad"},"content":{"rendered":"<div data-elementor-type=\"wp-page\" data-elementor-id=\"1735\" class=\"elementor elementor-1735\" data-elementor-post-type=\"page\">\n\t\t\t\t<div class=\"elementor-element elementor-element-4fb1a07 e-flex e-con-boxed e-con e-parent\" data-id=\"4fb1a07\" data-element_type=\"container\" data-e-type=\"container\">\n\t\t\t\t\t<div class=\"e-con-inner\">\n\t\t<div class=\"elementor-element elementor-element-ffe1ff5 e-con-full e-flex elementor-invisible e-con e-child\" data-id=\"ffe1ff5\" data-element_type=\"container\" data-e-type=\"container\" data-settings=\"{&quot;animation&quot;:&quot;fadeIn&quot;}\">\n\t\t\t\t<div class=\"elementor-element elementor-element-06bceb6 elementor-widget__width-initial elementor-widget elementor-widget-heading\" data-id=\"06bceb6\" data-element_type=\"widget\" data-e-type=\"widget\" data-widget_type=\"heading.default\">\n\t\t\t\t\t<h1 class=\"elementor-heading-title elementor-size-default\">Integraci\u00f3n de los criterios de sostenibilidad<\/h1>\t\t\t\t<\/div>\n\t\t<div class=\"elementor-element elementor-element-2c9655a e-con-full e-flex e-con e-child\" data-id=\"2c9655a\" data-element_type=\"container\" data-e-type=\"container\">\n\t\t\t\t<div class=\"elementor-element elementor-element-2b66c60 elementor-widget__width-initial elementor-widget elementor-widget-text-editor\" data-id=\"2b66c60\" data-element_type=\"widget\" data-e-type=\"widget\" data-widget_type=\"text-editor.default\">\n\t\t\t\t\t\t\t\t\t<p>La adopci\u00f3n de actuaciones en materia de Sostenibilidad (ESG), se est\u00e1 consolidando como un pilar fundamental dentro de la<br \/>definici\u00f3n estrat\u00e9gica de las Empresas. La aplicaci\u00f3n inicial de criterios<br \/>ESG\u00a0como una obligaci\u00f3n legal se ha ido transformado en estos \u00faltimos<br \/>a\u00f1os, hasta convertirse en un verdadero\u00a0motor\u00a0de eficiencia y<br \/>diferenciaci\u00f3n.<\/p>\t\t\t\t\t\t\t\t<\/div>\n\t\t\t\t<\/div>\n\t\t<div class=\"elementor-element elementor-element-00ec586 e-con-full e-flex e-con e-child\" data-id=\"00ec586\" data-element_type=\"container\" data-e-type=\"container\" data-settings=\"{&quot;position&quot;:&quot;absolute&quot;}\">\n\t\t\t\t<div class=\"elementor-element elementor-element-f1b4e5e elementor-widget elementor-widget-image\" data-id=\"f1b4e5e\" data-element_type=\"widget\" data-e-type=\"widget\" data-widget_type=\"image.default\">\n\t\t\t\t\t\t\t\t\t\t\t\t\t\t\t<img decoding=\"async\" width=\"1\" height=\"1\" src=\"https:\/\/quantia.es\/wp-content\/uploads\/2025\/08\/Rectangle-scroll-2.svg\" class=\"attachment-large size-large wp-image-556\" alt=\"\" \/>\t\t\t\t\t\t\t\t\t\t\t\t\t\t\t<\/div>\n\t\t\t\t<div class=\"elementor-element elementor-element-b193228 elementor-widget elementor-widget-heading\" data-id=\"b193228\" data-element_type=\"widget\" data-e-type=\"widget\" data-widget_type=\"heading.default\">\n\t\t\t\t\t<p class=\"elementor-heading-title elementor-size-default\">Scroll para explorar<\/p>\t\t\t\t<\/div>\n\t\t\t\t<\/div>\n\t\t\t\t<\/div>\n\t\t<div class=\"elementor-element elementor-element-fbeb992 e-con-full e-flex elementor-invisible e-con e-child\" data-id=\"fbeb992\" data-element_type=\"container\" data-e-type=\"container\" data-settings=\"{&quot;animation&quot;:&quot;fadeIn&quot;,&quot;animation_delay&quot;:200}\">\n\t\t<div class=\"elementor-element elementor-element-67af342 e-con-full e-flex e-con e-child\" data-id=\"67af342\" data-element_type=\"container\" data-e-type=\"container\">\n\t\t<div class=\"elementor-element elementor-element-8f37548 e-con-full e-flex e-con e-child\" data-id=\"8f37548\" data-element_type=\"container\" data-e-type=\"container\" data-settings=\"{&quot;background_background&quot;:&quot;classic&quot;}\">\n\t\t\t\t<div class=\"elementor-element elementor-element-2f5aa3d elementor-widget elementor-widget-image\" data-id=\"2f5aa3d\" data-element_type=\"widget\" data-e-type=\"widget\" data-widget_type=\"image.default\">\n\t\t\t\t\t\t\t\t\t\t\t\t\t\t\t<img decoding=\"async\" width=\"70\" height=\"70\" src=\"https:\/\/quantia.es\/wp-content\/uploads\/2025\/08\/Capa_1-1.svg\" class=\"attachment-large size-large wp-image-1236\" alt=\"\" \/>\t\t\t\t\t\t\t\t\t\t\t\t\t\t\t<\/div>\n\t\t\t\t<\/div>\n\t\t<div class=\"elementor-element elementor-element-7fb867b e-con-full e-flex e-con e-child\" data-id=\"7fb867b\" data-element_type=\"container\" data-e-type=\"container\" data-settings=\"{&quot;background_background&quot;:&quot;classic&quot;}\">\n\t\t\t\t<div class=\"elementor-element elementor-element-a2e2e5e elementor-widget elementor-widget-image\" data-id=\"a2e2e5e\" data-element_type=\"widget\" data-e-type=\"widget\" data-widget_type=\"image.default\">\n\t\t\t\t\t\t\t\t\t\t\t\t\t\t\t<img decoding=\"async\" width=\"100\" height=\"100\" src=\"https:\/\/quantia.es\/wp-content\/uploads\/2025\/08\/lsicon_picking-path-outline.svg\" class=\"attachment-large size-large wp-image-1265\" alt=\"\" \/>\t\t\t\t\t\t\t\t\t\t\t\t\t\t\t<\/div>\n\t\t\t\t<\/div>\n\t\t<div class=\"elementor-element elementor-element-86cb683 e-con-full e-flex e-con e-child\" data-id=\"86cb683\" data-element_type=\"container\" data-e-type=\"container\" data-settings=\"{&quot;background_background&quot;:&quot;classic&quot;}\">\n\t\t\t\t<div class=\"elementor-element elementor-element-4c11d15 elementor-widget elementor-widget-image\" data-id=\"4c11d15\" data-element_type=\"widget\" data-e-type=\"widget\" data-widget_type=\"image.default\">\n\t\t\t\t\t\t\t\t\t\t\t\t\t\t\t<img loading=\"lazy\" decoding=\"async\" width=\"71\" height=\"71\" src=\"https:\/\/quantia.es\/wp-content\/uploads\/2025\/09\/chart_6005713-1.svg\" class=\"attachment-large size-large wp-image-1714\" alt=\"\" \/>\t\t\t\t\t\t\t\t\t\t\t\t\t\t\t<\/div>\n\t\t\t\t<\/div>\n\t\t\t\t<\/div>\n\t\t<div class=\"elementor-element elementor-element-bea3cec e-con-full e-flex e-con e-child\" data-id=\"bea3cec\" data-element_type=\"container\" data-e-type=\"container\">\n\t\t\t\t<div class=\"elementor-element elementor-element-05727c3 elementor-widget elementor-widget-image\" data-id=\"05727c3\" data-element_type=\"widget\" data-e-type=\"widget\" data-widget_type=\"image.default\">\n\t\t\t\t\t\t\t\t\t\t\t\t\t\t\t<img loading=\"lazy\" decoding=\"async\" width=\"800\" height=\"534\" src=\"https:\/\/quantia.es\/wp-content\/uploads\/2025\/09\/interracial-office-staff-doing-research-for-renewa-2025-04-03-20-04-08-utc-1024x683.webp\" class=\"attachment-large size-large wp-image-3464\" alt=\"\" srcset=\"https:\/\/quantia.es\/wp-content\/uploads\/2025\/09\/interracial-office-staff-doing-research-for-renewa-2025-04-03-20-04-08-utc-1024x683.webp 1024w, https:\/\/quantia.es\/wp-content\/uploads\/2025\/09\/interracial-office-staff-doing-research-for-renewa-2025-04-03-20-04-08-utc-300x200.webp 300w, https:\/\/quantia.es\/wp-content\/uploads\/2025\/09\/interracial-office-staff-doing-research-for-renewa-2025-04-03-20-04-08-utc-768x512.webp 768w, https:\/\/quantia.es\/wp-content\/uploads\/2025\/09\/interracial-office-staff-doing-research-for-renewa-2025-04-03-20-04-08-utc-1536x1024.webp 1536w, https:\/\/quantia.es\/wp-content\/uploads\/2025\/09\/interracial-office-staff-doing-research-for-renewa-2025-04-03-20-04-08-utc-scaled.webp 1920w\" sizes=\"(max-width: 800px) 100vw, 800px\" \/>\t\t\t\t\t\t\t\t\t\t\t\t\t\t\t<\/div>\n\t\t\t\t<div class=\"elementor-element elementor-element-f2885c9 elementor-widget elementor-widget-image\" data-id=\"f2885c9\" data-element_type=\"widget\" data-e-type=\"widget\" data-widget_type=\"image.default\">\n\t\t\t\t\t\t\t\t\t\t\t\t\t\t\t<img loading=\"lazy\" decoding=\"async\" width=\"800\" height=\"450\" src=\"https:\/\/quantia.es\/wp-content\/uploads\/2025\/09\/renewable-energy-eco-technology-electric-power-ind-2025-01-29-13-29-29-utc-1024x576.jpg\" class=\"attachment-large size-large wp-image-3465\" alt=\"\" srcset=\"https:\/\/quantia.es\/wp-content\/uploads\/2025\/09\/renewable-energy-eco-technology-electric-power-ind-2025-01-29-13-29-29-utc-1024x576.jpg 1024w, https:\/\/quantia.es\/wp-content\/uploads\/2025\/09\/renewable-energy-eco-technology-electric-power-ind-2025-01-29-13-29-29-utc-300x169.jpg 300w, https:\/\/quantia.es\/wp-content\/uploads\/2025\/09\/renewable-energy-eco-technology-electric-power-ind-2025-01-29-13-29-29-utc-768x432.jpg 768w, https:\/\/quantia.es\/wp-content\/uploads\/2025\/09\/renewable-energy-eco-technology-electric-power-ind-2025-01-29-13-29-29-utc-1536x864.jpg 1536w, https:\/\/quantia.es\/wp-content\/uploads\/2025\/09\/renewable-energy-eco-technology-electric-power-ind-2025-01-29-13-29-29-utc-2048x1152.jpg 2048w\" sizes=\"(max-width: 800px) 100vw, 800px\" \/>\t\t\t\t\t\t\t\t\t\t\t\t\t\t\t<\/div>\n\t\t\t\t<\/div>\n\t\t\t\t<\/div>\n\t\t\t\t\t<\/div>\n\t\t\t\t<\/div>\n\t\t<div class=\"elementor-element elementor-element-e05db3d e-flex e-con-boxed e-con e-parent\" data-id=\"e05db3d\" data-element_type=\"container\" data-e-type=\"container\">\n\t\t\t\t\t<div class=\"e-con-inner\">\n\t\t\t\t<div class=\"elementor-element elementor-element-0a9b846 elementor-widget elementor-widget-spacer\" data-id=\"0a9b846\" data-element_type=\"widget\" data-e-type=\"widget\" data-widget_type=\"spacer.default\">\n\t\t\t\t\t\t\t<div class=\"elementor-spacer\">\n\t\t\t<div class=\"elementor-spacer-inner\"><\/div>\n\t\t<\/div>\n\t\t\t\t\t\t<\/div>\n\t\t\t\t\t<\/div>\n\t\t\t\t<\/div>\n\t\t<div class=\"elementor-element elementor-element-4d5b7b4 e-flex e-con-boxed e-con e-parent\" data-id=\"4d5b7b4\" data-element_type=\"container\" data-e-type=\"container\">\n\t\t\t\t\t<div class=\"e-con-inner\">\n\t\t<div class=\"elementor-element elementor-element-cf2bd4d e-con-full e-flex elementor-invisible e-con e-child\" data-id=\"cf2bd4d\" data-element_type=\"container\" data-e-type=\"container\" data-settings=\"{&quot;animation&quot;:&quot;fadeIn&quot;}\">\n\t\t<div class=\"elementor-element elementor-element-70a54aa e-con-full e-flex e-con e-child\" data-id=\"70a54aa\" data-element_type=\"container\" data-e-type=\"container\">\n\t\t\t\t<div class=\"elementor-element elementor-element-bc70700 elementor-widget elementor-widget-heading\" data-id=\"bc70700\" data-element_type=\"widget\" data-e-type=\"widget\" data-widget_type=\"heading.default\">\n\t\t\t\t\t<h2 class=\"elementor-heading-title elementor-size-default\">Datos, IA y regulaci\u00f3n: una v\u00eda hacia la eficiencia sostenible<\/h2>\t\t\t\t<\/div>\n\t\t\t\t<\/div>\n\t\t<div class=\"elementor-element elementor-element-82cf2e9 e-con-full e-flex e-con e-child\" data-id=\"82cf2e9\" data-element_type=\"container\" data-e-type=\"container\">\n\t\t\t\t<div class=\"elementor-element elementor-element-52651ed elementor-widget__width-initial elementor-widget elementor-widget-text-editor\" data-id=\"52651ed\" data-element_type=\"widget\" data-e-type=\"widget\" data-widget_type=\"text-editor.default\">\n\t\t\t\t\t\t\t\t\t<span style=\"font-weight: 300;\">La convergencia entre\u00a0<\/span><b>tecnolog\u00eda<\/b><span style=\"font-weight:300;\">, gobierno de\u00a0<\/span><b>datos\u00a0<\/b><span style=\"font-weight:300;\">y la propia\u00a0<\/span><b>regulaci\u00f3n<\/b><span style=\"font-weight: 300;\">, est\u00e1 impulsando de manera progresiva la adopci\u00f3n de herramientas como gemelos digitales, inteligencia artificial y plataformas sectoriales colaborativas. La precisi\u00f3n en la\u00a0captura\u00a0y la\u00a0estructuraci\u00f3n\u00a0de la informaci\u00f3n contenida en los datos, junto al\u00a0an\u00e1lisis multimodal\u00a0y la automatizaci\u00f3n de procesos, est\u00e1 permitiendo, entre otros aspectos, optimizar consumos energ\u00e9ticos, minimizar emisiones y generar\u00a0ahorros\u00a0significativos en las empresas m\u00e1s innovadoras en este terreno.<\/span>\t\t\t\t\t\t\t\t<\/div>\n\t\t\t\t<\/div>\n\t\t\t\t<\/div>\n\t\t<div class=\"elementor-element elementor-element-5ef4ee2 e-con-full e-flex elementor-invisible e-con e-child\" data-id=\"5ef4ee2\" data-element_type=\"container\" data-e-type=\"container\" data-settings=\"{&quot;animation&quot;:&quot;fadeIn&quot;}\">\n\t\t<div class=\"elementor-element elementor-element-1643e8a e-con-full e-flex e-con e-child\" data-id=\"1643e8a\" data-element_type=\"container\" data-e-type=\"container\">\n\t\t<div class=\"elementor-element elementor-element-707f5a7 e-con-full e-flex e-con e-child\" data-id=\"707f5a7\" data-element_type=\"container\" data-e-type=\"container\" data-settings=\"{&quot;background_background&quot;:&quot;classic&quot;}\">\n\t\t\t\t<div class=\"elementor-element elementor-element-15cad4e elementor-widget elementor-widget-image\" data-id=\"15cad4e\" data-element_type=\"widget\" data-e-type=\"widget\" data-widget_type=\"image.default\">\n\t\t\t\t\t\t\t\t\t\t\t\t\t\t\t<img loading=\"lazy\" decoding=\"async\" width=\"1\" height=\"1\" src=\"https:\/\/quantia.es\/wp-content\/uploads\/2025\/08\/solar_earth-linear.svg\" class=\"attachment-large size-large wp-image-736\" alt=\"\" \/>\t\t\t\t\t\t\t\t\t\t\t\t\t\t\t<\/div>\n\t\t\t\t<div class=\"elementor-element elementor-element-541f8bd elementor-widget elementor-widget-heading\" data-id=\"541f8bd\" data-element_type=\"widget\" data-e-type=\"widget\" data-widget_type=\"heading.default\">\n\t\t\t\t\t<h3 class=\"elementor-heading-title elementor-size-default\">Gemelos digitales: eficiencia y CO\u2082<\/h3>\t\t\t\t<\/div>\n\t\t\t\t<div class=\"elementor-element elementor-element-53076c6 elementor-widget__width-initial elementor-widget elementor-widget-text-editor\" data-id=\"53076c6\" data-element_type=\"widget\" data-e-type=\"widget\" data-widget_type=\"text-editor.default\">\n\t\t\t\t\t\t\t\t\t<p><span style=\"font-weight: 300;\">Esas actuaciones en materia sostenible tienen un impacto directo en los <\/span><b>clientes<\/b><span style=\"font-weight: 300;\"> de QUANTIA, impulsando proyectos singulares relacionados con la descarbonizaci\u00f3n, la eficiencia energ\u00e9tica, la optimizaci\u00f3n en los servicios de mantenimiento de los activos y la transici\u00f3n hacia modelos de econom\u00eda circular (reducci\u00f3n de residuos, reciclaje y reutilizaci\u00f3n de materiales), entre otros. En este sentido, la creaci\u00f3n de\u00a0gemelos digitales\u00a0con criterios sostenibles permite\u00a0simular escenarios internos\u00a0para, por ejemplo, optimizar el consumo energ\u00e9tico o minimizar emisiones antes de ejecutar ajustes de mejora en la gesti\u00f3n de los sistemas f\u00edsicos.\u00a0<\/span><\/p>\t\t\t\t\t\t\t\t<\/div>\n\t\t\t\t<\/div>\n\t\t\t\t<\/div>\n\t\t<div class=\"elementor-element elementor-element-c1b1773 e-con-full e-flex e-con e-child\" data-id=\"c1b1773\" data-element_type=\"container\" data-e-type=\"container\">\n\t\t<div class=\"elementor-element elementor-element-5c7d105 e-con-full e-flex e-con e-child\" data-id=\"5c7d105\" data-element_type=\"container\" data-e-type=\"container\">\n\t\t<div class=\"elementor-element elementor-element-8d33f98 e-con-full e-flex e-con e-child\" data-id=\"8d33f98\" data-element_type=\"container\" data-e-type=\"container\" data-settings=\"{&quot;background_background&quot;:&quot;classic&quot;}\">\n\t\t<div class=\"elementor-element elementor-element-361049c e-con-full e-flex e-con e-child\" data-id=\"361049c\" data-element_type=\"container\" data-e-type=\"container\">\n\t\t\t\t<div class=\"elementor-element elementor-element-fcca593 elementor-widget elementor-widget-heading\" data-id=\"fcca593\" data-element_type=\"widget\" data-e-type=\"widget\" data-widget_type=\"heading.default\">\n\t\t\t\t\t<h3 class=\"elementor-heading-title elementor-size-default\">Sostenibilidad, ADN de QUANTIA<\/h3>\t\t\t\t<\/div>\n\t\t\t\t<div class=\"elementor-element elementor-element-a320189 elementor-widget__width-initial elementor-widget elementor-widget-text-editor\" data-id=\"a320189\" data-element_type=\"widget\" data-e-type=\"widget\" data-widget_type=\"text-editor.default\">\n\t\t\t\t\t\t\t\t\t<p><span style=\"font-weight: 300;\">Para QUANTIA, como empresa l\u00edder en su sector, la incorporaci\u00f3n de actuaciones en materia de Sostenibilidad es consustancial a la naturaleza de sus servicios. En QUANTIA, la convergencia <\/span><b>de Tecnolog\u00eda, Sostenibilidad y Negocio<\/b><span style=\"font-weight: 300;\"> configuran un pilar s\u00f3lido de su estrategia como empresa a la vanguardia en los servicios de Ingenier\u00eda y Consultor\u00eda con base tecnol\u00f3gica.<\/span><\/p>\t\t\t\t\t\t\t\t<\/div>\n\t\t\t\t<\/div>\n\t\t<div class=\"elementor-element elementor-element-feb639f e-con-full e-flex e-con e-child\" data-id=\"feb639f\" data-element_type=\"container\" data-e-type=\"container\">\n\t\t\t\t<div class=\"elementor-element elementor-element-1e745b6 elementor-widget elementor-widget-image\" data-id=\"1e745b6\" data-element_type=\"widget\" data-e-type=\"widget\" data-widget_type=\"image.default\">\n\t\t\t\t\t\t\t\t\t\t\t\t\t\t\t<img loading=\"lazy\" decoding=\"async\" width=\"39\" height=\"71\" src=\"https:\/\/quantia.es\/wp-content\/uploads\/2025\/09\/Capa_1-1.svg\" class=\"attachment-large size-large wp-image-1708\" alt=\"\" \/>\t\t\t\t\t\t\t\t\t\t\t\t\t\t\t<\/div>\n\t\t\t\t<\/div>\n\t\t\t\t<\/div>\n\t\t\t\t<\/div>\n\t\t<div class=\"elementor-element elementor-element-e079f80 e-con-full e-flex e-con e-child\" data-id=\"e079f80\" data-element_type=\"container\" data-e-type=\"container\">\n\t\t<div class=\"elementor-element elementor-element-a2791d3 e-con-full e-flex e-con e-child\" data-id=\"a2791d3\" data-element_type=\"container\" data-e-type=\"container\" data-settings=\"{&quot;background_background&quot;:&quot;classic&quot;}\">\n\t\t<div class=\"elementor-element elementor-element-16e08aa e-con-full e-flex e-con e-child\" data-id=\"16e08aa\" data-element_type=\"container\" data-e-type=\"container\">\n\t\t\t\t<div class=\"elementor-element elementor-element-4bbce1f elementor-widget elementor-widget-heading\" data-id=\"4bbce1f\" data-element_type=\"widget\" data-e-type=\"widget\" data-widget_type=\"heading.default\">\n\t\t\t\t\t<h3 class=\"elementor-heading-title elementor-size-default\">Talento, igualdad y transparencia<\/h3>\t\t\t\t<\/div>\n\t\t\t\t<div class=\"elementor-element elementor-element-96c2819 elementor-widget__width-initial elementor-widget elementor-widget-text-editor\" data-id=\"96c2819\" data-element_type=\"widget\" data-e-type=\"widget\" data-widget_type=\"text-editor.default\">\n\t\t\t\t\t\t\t\t\t<p><span style=\"font-weight: 300;\">De igual modo, las actuaciones que est\u00e1 desarrollando QUANTIA tienen un claro impacto interno de cara a sus <\/span><b>empleados y accionistas<\/b><span style=\"font-weight: 300;\">. A trav\u00e9s de la potenciaci\u00f3n de acciones de mejora relativas a la transparencia en la gesti\u00f3n, el compromiso con la formaci\u00f3n continua, la creaci\u00f3n de pol\u00edticas de igualdad, el desarrollo de nuevas habilidades t\u00e9cnicas, digitales o de gesti\u00f3n entre sus empleados, as\u00ed como la maximizaci\u00f3n del n\u00famero de certificaciones, se pretende configurar la hoja de ruta en materia de sostenibilidad de la Compa\u00f1\u00eda para los pr\u00f3ximos a\u00f1os.<\/span><\/p>\t\t\t\t\t\t\t\t<\/div>\n\t\t\t\t<\/div>\n\t\t<div class=\"elementor-element elementor-element-ec7fca6 e-con-full e-flex e-con e-child\" data-id=\"ec7fca6\" data-element_type=\"container\" data-e-type=\"container\">\n\t\t\t\t<div class=\"elementor-element elementor-element-f15beb1 elementor-widget elementor-widget-image\" data-id=\"f15beb1\" data-element_type=\"widget\" data-e-type=\"widget\" data-widget_type=\"image.default\">\n\t\t\t\t\t\t\t\t\t\t\t\t\t\t\t<img loading=\"lazy\" decoding=\"async\" width=\"73\" height=\"71\" src=\"https:\/\/quantia.es\/wp-content\/uploads\/2025\/09\/Capa_1-2.svg\" class=\"attachment-large size-large wp-image-1709\" alt=\"\" \/>\t\t\t\t\t\t\t\t\t\t\t\t\t\t\t<\/div>\n\t\t\t\t<\/div>\n\t\t\t\t<\/div>\n\t\t\t\t<\/div>\n\t\t\t\t<\/div>\n\t\t\t\t<\/div>\n\t\t\t\t\t<\/div>\n\t\t\t\t<\/div>\n\t\t<div class=\"elementor-element elementor-element-495eefd e-flex e-con-boxed e-con e-parent\" data-id=\"495eefd\" data-element_type=\"container\" data-e-type=\"container\">\n\t\t\t\t\t<div class=\"e-con-inner\">\n\t\t\t\t<div class=\"elementor-element elementor-element-8d3e04e elementor-widget elementor-widget-spacer\" data-id=\"8d3e04e\" data-element_type=\"widget\" data-e-type=\"widget\" data-widget_type=\"spacer.default\">\n\t\t\t\t\t\t\t<div class=\"elementor-spacer\">\n\t\t\t<div class=\"elementor-spacer-inner\"><\/div>\n\t\t<\/div>\n\t\t\t\t\t\t<\/div>\n\t\t\t\t\t<\/div>\n\t\t\t\t<\/div>\n\t\t<div class=\"elementor-element elementor-element-a34582c e-flex e-con-boxed elementor-invisible e-con e-parent\" data-id=\"a34582c\" data-element_type=\"container\" data-e-type=\"container\" data-settings=\"{&quot;animation&quot;:&quot;fadeIn&quot;}\">\n\t\t\t\t\t<div class=\"e-con-inner\">\n\t\t<div class=\"elementor-element elementor-element-79adec5 e-con-full e-flex e-con e-child\" data-id=\"79adec5\" data-element_type=\"container\" data-e-type=\"container\" data-settings=\"{&quot;background_background&quot;:&quot;classic&quot;}\">\n\t\t<div class=\"elementor-element elementor-element-25b1e1e e-con-full e-flex e-con e-child\" data-id=\"25b1e1e\" data-element_type=\"container\" data-e-type=\"container\">\n\t\t\t\t<div class=\"elementor-element elementor-element-02ca449 elementor-widget elementor-widget-heading\" data-id=\"02ca449\" data-element_type=\"widget\" data-e-type=\"widget\" data-widget_type=\"heading.default\">\n\t\t\t\t\t<h2 class=\"elementor-heading-title elementor-size-default\">Creemos en una tecnolog\u00eda que transforme, pero que tambi\u00e9n conserve.<\/h2>\t\t\t\t<\/div>\n\t\t\t\t<div class=\"elementor-element elementor-element-172ff0f elementor-widget__width-initial elementor-widget elementor-widget-text-editor\" data-id=\"172ff0f\" data-element_type=\"widget\" data-e-type=\"widget\" data-widget_type=\"text-editor.default\">\n\t\t\t\t\t\t\t\t\t<p>Tabajamos con nuestros clientes para construir soluciones que impacten positivamente sus negocios\u2026 y el entorno en el que operan.<\/p><p>Hablemos de c\u00f3mo impulsar tus objetivos ESG con tecnolog\u00eda<\/p>\t\t\t\t\t\t\t\t<\/div>\n\t\t<div class=\"elementor-element elementor-element-f4adc45 e-con-full e-flex e-con e-child\" data-id=\"f4adc45\" data-element_type=\"container\" data-e-type=\"container\">\n\t\t\t\t<div class=\"elementor-element elementor-element-f376059 elementor-widget elementor-widget-button\" data-id=\"f376059\" data-element_type=\"widget\" data-e-type=\"widget\" data-widget_type=\"button.default\">\n\t\t\t\t\t\t\t\t\t\t<a class=\"elementor-button elementor-button-link elementor-size-sm\" href=\"\/en\/contacto\/\">\n\t\t\t\t\t\t<span class=\"elementor-button-content-wrapper\">\n\t\t\t\t\t\t\t\t\t<span class=\"elementor-button-text\">M\u00e1s informaci\u00f3n<\/span>\n\t\t\t\t\t<\/span>\n\t\t\t\t\t<\/a>\n\t\t\t\t\t\t\t\t<\/div>\n\t\t\t\t<div class=\"elementor-element elementor-element-328b406 elementor-widget elementor-widget-image\" data-id=\"328b406\" data-element_type=\"widget\" data-e-type=\"widget\" data-widget_type=\"image.default\">\n\t\t\t\t\t\t\t\t\t\t\t\t\t\t\t\t<a href=\"\/en\/contacto\/\">\n\t\t\t\t\t\t\t<img loading=\"lazy\" decoding=\"async\" width=\"1\" height=\"1\" src=\"https:\/\/quantia.es\/wp-content\/uploads\/2025\/08\/Boton_icono_arrow.svg\" class=\"attachment-large size-large wp-image-119\" alt=\"\" \/>\t\t\t\t\t\t\t\t<\/a>\n\t\t\t\t\t\t\t\t\t\t\t\t\t\t\t<\/div>\n\t\t\t\t<\/div>\n\t\t\t\t<\/div>\n\t\t\t\t<\/div>\n\t\t\t\t\t<\/div>\n\t\t\t\t<\/div>\n\t\t<div class=\"elementor-element elementor-element-cf70376 e-flex e-con-boxed e-con e-parent\" data-id=\"cf70376\" data-element_type=\"container\" data-e-type=\"container\">\n\t\t\t\t\t<div class=\"e-con-inner\">\n\t\t\t\t<div class=\"elementor-element elementor-element-389d473 elementor-widget elementor-widget-spacer\" data-id=\"389d473\" data-element_type=\"widget\" data-e-type=\"widget\" data-widget_type=\"spacer.default\">\n\t\t\t\t\t\t\t<div class=\"elementor-spacer\">\n\t\t\t<div class=\"elementor-spacer-inner\"><\/div>\n\t\t<\/div>\n\t\t\t\t\t\t<\/div>\n\t\t\t\t\t<\/div>\n\t\t\t\t<\/div>\n\t\t\t\t<\/div>","protected":false},"excerpt":{"rendered":"<p>Integraci\u00f3n de los criterios de sostenibilidad La adopci\u00f3n de actuaciones en materia de Sostenibilidad (ESG), se est\u00e1 consolidando como un pilar fundamental dentro de ladefinici\u00f3n estrat\u00e9gica de las Empresas. La aplicaci\u00f3n inicial de criteriosESG\u00a0como una obligaci\u00f3n legal se ha ido transformado en estos \u00faltimosa\u00f1os, hasta convertirse en un verdadero\u00a0motor\u00a0de eficiencia ydiferenciaci\u00f3n. Scroll para explorar Datos, [&hellip;]<\/p>\n","protected":false},"author":3,"featured_media":0,"parent":0,"menu_order":0,"comment_status":"closed","ping_status":"closed","template":"elementor_header_footer","meta":{"footnotes":""},"class_list":["post-1735","page","type-page","status-publish","hentry"],"_links":{"self":[{"href":"https:\/\/quantia.es\/en\/wp-json\/wp\/v2\/pages\/1735","targetHints":{"allow":["GET"]}}],"collection":[{"href":"https:\/\/quantia.es\/en\/wp-json\/wp\/v2\/pages"}],"about":[{"href":"https:\/\/quantia.es\/en\/wp-json\/wp\/v2\/types\/page"}],"author":[{"embeddable":true,"href":"https:\/\/quantia.es\/en\/wp-json\/wp\/v2\/users\/3"}],"replies":[{"embeddable":true,"href":"https:\/\/quantia.es\/en\/wp-json\/wp\/v2\/comments?post=1735"}],"version-history":[{"count":31,"href":"https:\/\/quantia.es\/en\/wp-json\/wp\/v2\/pages\/1735\/revisions"}],"predecessor-version":[{"id":4456,"href":"https:\/\/quantia.es\/en\/wp-json\/wp\/v2\/pages\/1735\/revisions\/4456"}],"wp:attachment":[{"href":"https:\/\/quantia.es\/en\/wp-json\/wp\/v2\/media?parent=1735"}],"curies":[{"name":"wp","href":"https:\/\/api.w.org\/{rel}","templated":true}]}}