{"id":1635,"date":"2025-08-28T14:38:25","date_gmt":"2025-08-28T12:38:25","guid":{"rendered":"https:\/\/quantia.dev2.increnta.com\/?page_id=1635"},"modified":"2026-04-09T18:41:23","modified_gmt":"2026-04-09T16:41:23","slug":"politica-corporativa","status":"publish","type":"page","link":"https:\/\/quantia.es\/en\/politica-corporativa\/","title":{"rendered":"Pol\u00edtica Corporativa"},"content":{"rendered":"<div data-elementor-type=\"wp-page\" data-elementor-id=\"1635\" class=\"elementor elementor-1635\" data-elementor-post-type=\"page\">\n\t\t\t\t<div class=\"elementor-element elementor-element-3bd25e2 e-flex e-con-boxed e-con e-parent\" data-id=\"3bd25e2\" data-element_type=\"container\" data-e-type=\"container\">\n\t\t\t\t\t<div class=\"e-con-inner\">\n\t\t\t\t<div class=\"elementor-element elementor-element-b1d4839 elementor-widget elementor-widget-spacer\" data-id=\"b1d4839\" data-element_type=\"widget\" data-e-type=\"widget\" data-widget_type=\"spacer.default\">\n\t\t\t\t\t\t\t<div class=\"elementor-spacer\">\n\t\t\t<div class=\"elementor-spacer-inner\"><\/div>\n\t\t<\/div>\n\t\t\t\t\t\t<\/div>\n\t\t\t\t\t<\/div>\n\t\t\t\t<\/div>\n\t\t<div class=\"elementor-element elementor-element-87877d8 e-flex e-con-boxed e-con e-parent\" data-id=\"87877d8\" data-element_type=\"container\" data-e-type=\"container\">\n\t\t\t\t\t<div class=\"e-con-inner\">\n\t\t\t\t<div class=\"elementor-element elementor-element-ed87cd3 elementor-widget elementor-widget-heading\" data-id=\"ed87cd3\" data-element_type=\"widget\" data-e-type=\"widget\" data-widget_type=\"heading.default\">\n\t\t\t\t\t<h1 class=\"elementor-heading-title elementor-size-default\">Pol\u00edtica Corporativa<\/h1>\t\t\t\t<\/div>\n\t\t\t\t<div class=\"elementor-element elementor-element-c045495 elementor-widget elementor-widget-heading\" data-id=\"c045495\" data-element_type=\"widget\" data-e-type=\"widget\" data-widget_type=\"heading.default\">\n\t\t\t\t\t<h3 class=\"elementor-heading-title elementor-size-default\">Quantia Ingenieria Y Consultoria Sl. informa de los siguientes aspectos legales:<\/h3>\t\t\t\t<\/div>\n\t\t\t\t<div class=\"elementor-element elementor-element-2c48a71 elementor-widget elementor-widget-text-editor\" data-id=\"2c48a71\" data-element_type=\"widget\" data-e-type=\"widget\" data-widget_type=\"text-editor.default\">\n\t\t\t\t\t\t\t\t\t<p>En QUANTIA, somos conscientes de que, adem\u00e1s de alcanzar los objetivos sociales y econ\u00f3micos, resulta imprescindible mejorar e innovar continuamente en el servicio a nuestros clientes, cuidar el medio ambiente y prestar un servicio de alta calidad. Asimismo, trabajamos de manera constante para minimizar los impactos de nuestra actividad sobre el medio ambiente y mejorar la seguridad de la informaci\u00f3n, cumpliendo con los requisitos reglamentarios aplicables.<br \/>Por ello, la Direcci\u00f3n de QUANTIA ha implementado un <a href=\"https:\/\/quantia.es\/en\/certificaciones-de-calidad\/\">Sistema de Gesti\u00f3n de la Calidad<\/a> basado en los requisitos de la Norma UNE-EN-ISO 9001:2015, un Sistema de Gesti\u00f3n Medioambiental conforme a la Norma UNE-EN-ISO 14001:2015 e integrado con un Sistema de Seguridad de la Informaci\u00f3n acorde al Real Decreto 311\/2022, de 3 de mayo, por el que se aprueba el Esquema Nacional de Seguridad. Este sistema abarca las actividades de consultor\u00eda y desarrollo de soluciones tecnol\u00f3gicas de digitalizaci\u00f3n, modelado y gesti\u00f3n, realizadas en nuestras instalaciones ubicadas en Calle Juan Cabanilles 11, Oficina 407, 29018, M\u00e1laga, Espa\u00f1a.<br \/>Nuestros proyectos y servicios se dise\u00f1an y ejecutan conforme a las normas UNE-EN ISO 19650-1:2019 y UNE-EN ISO 19650-2:2019. Nos comprometemos a emplear la metodolog\u00eda BIM en nuestras actividades de consultor\u00eda, en la medida de lo posible, como herramienta integral para garantizar la plena satisfacci\u00f3n de nuestros clientes.<\/p>\t\t\t\t\t\t\t\t<\/div>\n\t\t\t\t<div class=\"elementor-element elementor-element-108da2b elementor-widget elementor-widget-heading\" data-id=\"108da2b\" data-element_type=\"widget\" data-e-type=\"widget\" data-widget_type=\"heading.default\">\n\t\t\t\t\t<h2 class=\"elementor-heading-title elementor-size-default\">COMPROMISOS QUANTIA<\/h2>\t\t\t\t<\/div>\n\t\t\t\t<div class=\"elementor-element elementor-element-e99b83a elementor-widget elementor-widget-text-editor\" data-id=\"e99b83a\" data-element_type=\"widget\" data-e-type=\"widget\" data-widget_type=\"text-editor.default\">\n\t\t\t\t\t\t\t\t\t<p>Mejora continua: Establecer la mejora continua como principio fundamental, priorizando la prevenci\u00f3n sobre la correcci\u00f3n. Optimizamos recursos humanos y materiales para incrementar la eficacia de nuestros procesos, prevenir la contaminaci\u00f3n y minimizar los incidentes de seguridad. Quantia eval\u00faa como medida de aseguramiento de los requisitos reglamentarios y de nuestros clientes, a todos sus proveedores regularmente, con el objetivo de optimizar al m\u00e1ximo sus procesos y eficacia en el cumplimiento de su misi\u00f3n y objetivo.<\/p><p>Responsabilidad de los empleados: Todos los empleados son responsables de garantizar la calidad del servicio, la seguridad de la informaci\u00f3n y la protecci\u00f3n del medio ambiente. Para ello, promovemos su sensibilizaci\u00f3n y formaci\u00f3n en estas \u00e1reas.<\/p><p>Sugerencias del personal: Fomentamos la participaci\u00f3n de los empleados en la mejora de procesos, operativas y medidas de protecci\u00f3n ambiental y seguridad de la informaci\u00f3n.<br \/>Cumplimiento normativo: Cumplimos con la legislaci\u00f3n vigente aplicable a nuestra actividad y ubicaci\u00f3n, as\u00ed como con los requisitos legales y reglamentarios relacionados con nuestros servicios.<\/p><p>Protecci\u00f3n medioambiental: Integramos consideraciones medioambientales en todas nuestras actividades, gestionando adecuadamente los residuos el\u00e9ctricos y electr\u00f3nicos, y optimizando el uso de materias primas y recursos naturales.<br \/>Transparencia: Revisamos anualmente nuestra Pol\u00edtica de Gesti\u00f3n para asegurar su adecuaci\u00f3n y la ponemos a disposici\u00f3n del p\u00fablico interesado.<\/p>\t\t\t\t\t\t\t\t<\/div>\n\t\t\t\t<div class=\"elementor-element elementor-element-e108163 elementor-widget elementor-widget-heading\" data-id=\"e108163\" data-element_type=\"widget\" data-e-type=\"widget\" data-widget_type=\"heading.default\">\n\t\t\t\t\t<h2 class=\"elementor-heading-title elementor-size-default\">OBJETIVOS FUNDAMENTALES<\/h2>\t\t\t\t<\/div>\n\t\t\t\t<div class=\"elementor-element elementor-element-065fba1 elementor-widget elementor-widget-text-editor\" data-id=\"065fba1\" data-element_type=\"widget\" data-e-type=\"widget\" data-widget_type=\"text-editor.default\">\n\t\t\t\t\t\t\t\t\t<p>Garantizar la calidad de los servicios prestados, proporcionando confianza en el cumplimiento de los requisitos aplicables.<\/p><p>Consolidar la confianza de nuestros clientes mediante el cumplimiento de los compromisos asumidos.<\/p><p>Priorizar el tratamiento de los riesgos identificados para la seguridad de la informaci\u00f3n.<br \/>Gestionar, controlar y mejorar continuamente los procesos.<\/p><p>Asignar de manera eficaz funciones y responsabilidades.<\/p><p>Sensibilizar y supervisar a los subcontratistas sobre el comportamiento medioambiental y la seguridad de la informaci\u00f3n.<\/p><p>Ofrecer asesoramiento a los clientes en dise\u00f1o y gesti\u00f3n de calidad, seguridad de la informaci\u00f3n y medio ambiente.<\/p>\t\t\t\t\t\t\t\t<\/div>\n\t\t\t\t<div class=\"elementor-element elementor-element-e26b015 elementor-widget elementor-widget-text-editor\" data-id=\"e26b015\" data-element_type=\"widget\" data-e-type=\"widget\" data-widget_type=\"text-editor.default\">\n\t\t\t\t\t\t\t\t\t<p>Estos objetivos generales se complementan con metas cuantificables, definidas en las reuniones de Revisi\u00f3n del Sistema por la Direcci\u00f3n, donde se asignan responsables, recursos y plazos para garantizar su cumplimiento.<\/p><p>En QUANTIA, trabajamos para que toda la organizaci\u00f3n conozca y aplique esta pol\u00edtica, as\u00ed como los objetivos planteados, mediante su difusi\u00f3n a todos los niveles y la distribuci\u00f3n de los documentos pertinentes en cada puesto de trabajo.<\/p>\t\t\t\t\t\t\t\t<\/div>\n\t\t\t\t<div class=\"elementor-element elementor-element-8744370 elementor-widget elementor-widget-text-editor\" data-id=\"8744370\" data-element_type=\"widget\" data-e-type=\"widget\" data-widget_type=\"text-editor.default\">\n\t\t\t\t\t\t\t\t\t<p>Firmado y aprobado por<\/p><p>Fernando Valero Flores, director ejecutivo.<\/p><p>Calle juan cabanilles, 11 \u2013 oficina 407, malaga, 29018, malaga.<br \/>A 10 de Enero de 2024.<\/p>\t\t\t\t\t\t\t\t<\/div>\n\t\t\t\t\t<\/div>\n\t\t\t\t<\/div>\n\t\t<div class=\"elementor-element elementor-element-25bfa6a e-flex e-con-boxed e-con e-parent\" data-id=\"25bfa6a\" data-element_type=\"container\" data-e-type=\"container\">\n\t\t\t\t\t<div class=\"e-con-inner\">\n\t\t\t\t<div class=\"elementor-element elementor-element-146e5ba elementor-widget elementor-widget-spacer\" data-id=\"146e5ba\" data-element_type=\"widget\" data-e-type=\"widget\" data-widget_type=\"spacer.default\">\n\t\t\t\t\t\t\t<div class=\"elementor-spacer\">\n\t\t\t<div class=\"elementor-spacer-inner\"><\/div>\n\t\t<\/div>\n\t\t\t\t\t\t<\/div>\n\t\t\t\t\t<\/div>\n\t\t\t\t<\/div>\n\t\t\t\t<\/div>","protected":false},"excerpt":{"rendered":"<p>Pol\u00edtica Corporativa Quantia Ingenieria Y Consultoria Sl. informa de los siguientes aspectos legales: En QUANTIA, somos conscientes de que, adem\u00e1s de alcanzar los objetivos sociales y econ\u00f3micos, resulta imprescindible mejorar e innovar continuamente en el servicio a nuestros clientes, cuidar el medio ambiente y prestar un servicio de alta calidad. Asimismo, trabajamos de manera constante [&hellip;]<\/p>\n","protected":false},"author":3,"featured_media":0,"parent":0,"menu_order":0,"comment_status":"closed","ping_status":"closed","template":"elementor_header_footer","meta":{"footnotes":""},"class_list":["post-1635","page","type-page","status-publish","hentry"],"_links":{"self":[{"href":"https:\/\/quantia.es\/en\/wp-json\/wp\/v2\/pages\/1635","targetHints":{"allow":["GET"]}}],"collection":[{"href":"https:\/\/quantia.es\/en\/wp-json\/wp\/v2\/pages"}],"about":[{"href":"https:\/\/quantia.es\/en\/wp-json\/wp\/v2\/types\/page"}],"author":[{"embeddable":true,"href":"https:\/\/quantia.es\/en\/wp-json\/wp\/v2\/users\/3"}],"replies":[{"embeddable":true,"href":"https:\/\/quantia.es\/en\/wp-json\/wp\/v2\/comments?post=1635"}],"version-history":[{"count":13,"href":"https:\/\/quantia.es\/en\/wp-json\/wp\/v2\/pages\/1635\/revisions"}],"predecessor-version":[{"id":4515,"href":"https:\/\/quantia.es\/en\/wp-json\/wp\/v2\/pages\/1635\/revisions\/4515"}],"wp:attachment":[{"href":"https:\/\/quantia.es\/en\/wp-json\/wp\/v2\/media?parent=1635"}],"curies":[{"name":"wp","href":"https:\/\/api.w.org\/{rel}","templated":true}]}}