{"id":1476,"date":"2025-08-28T11:06:46","date_gmt":"2025-08-28T09:06:46","guid":{"rendered":"https:\/\/quantia.dev2.increnta.com\/?page_id=1476"},"modified":"2026-03-30T17:21:03","modified_gmt":"2026-03-30T15:21:03","slug":"blog","status":"publish","type":"page","link":"https:\/\/quantia.es\/en\/blog\/","title":{"rendered":"Blog"},"content":{"rendered":"\t\t<div data-elementor-type=\"wp-page\" data-elementor-id=\"1476\" class=\"elementor elementor-1476\" data-elementor-post-type=\"page\">\n\t\t\t\t<div class=\"elementor-element elementor-element-9666d72 e-flex e-con-boxed e-con e-parent\" data-id=\"9666d72\" data-element_type=\"container\" data-e-type=\"container\">\n\t\t\t\t\t<div class=\"e-con-inner\">\n\t\t<div class=\"elementor-element elementor-element-3eb33a0 e-con-full e-flex elementor-invisible e-con e-child\" data-id=\"3eb33a0\" data-element_type=\"container\" data-e-type=\"container\" data-settings=\"{&quot;animation&quot;:&quot;fadeIn&quot;,&quot;background_background&quot;:&quot;classic&quot;}\">\n\t\t<div class=\"elementor-element elementor-element-675f6f9 e-flex e-con-boxed e-con e-child\" data-id=\"675f6f9\" data-element_type=\"container\" data-e-type=\"container\">\n\t\t\t\t\t<div class=\"e-con-inner\">\n\t\t\t\t<div class=\"elementor-element elementor-element-298cc0e elementor-widget elementor-widget-heading\" data-id=\"298cc0e\" data-element_type=\"widget\" data-e-type=\"widget\" data-widget_type=\"heading.default\">\n\t\t\t\t\t<h1 class=\"elementor-heading-title elementor-size-default\">Blog<\/h1>\t\t\t\t<\/div>\n\t\t\t\t<div class=\"elementor-element elementor-element-654af85 elementor-widget__width-initial elementor-widget elementor-widget-text-editor\" data-id=\"654af85\" data-element_type=\"widget\" data-e-type=\"widget\" data-widget_type=\"text-editor.default\">\n\t\t\t\t\t\t\t\t\t<p>Compartimos lo que sabemos para que tomes mejores decisiones. Aqu\u00ed encuentras los recursos que te acompa\u00f1an en ese camino.<\/p>\t\t\t\t\t\t\t\t<\/div>\n\t\t<div class=\"elementor-element elementor-element-f7bdfb7 e-con-full e-flex e-con e-child\" data-id=\"f7bdfb7\" data-element_type=\"container\" data-e-type=\"container\">\n\t\t\t\t<div class=\"elementor-element elementor-element-1fbf391 elementor-widget elementor-widget-button\" data-id=\"1fbf391\" data-element_type=\"widget\" data-e-type=\"widget\" data-widget_type=\"button.default\">\n\t\t\t\t\t\t\t\t\t\t<a class=\"elementor-button elementor-button-link elementor-size-sm\" href=\"https:\/\/quantia.es\/blog\/\">\n\t\t\t\t\t\t<span class=\"elementor-button-content-wrapper\">\n\t\t\t\t\t\t\t\t\t<span class=\"elementor-button-text\">Blog<\/span>\n\t\t\t\t\t<\/span>\n\t\t\t\t\t<\/a>\n\t\t\t\t\t\t\t\t<\/div>\n\t\t\t\t<div class=\"elementor-element elementor-element-759b9d3 elementor-widget elementor-widget-button\" data-id=\"759b9d3\" data-element_type=\"widget\" data-e-type=\"widget\" data-widget_type=\"button.default\">\n\t\t\t\t\t\t\t\t\t\t<a class=\"elementor-button elementor-button-link elementor-size-sm\" href=\"https:\/\/quantia.es\/infografias\/\">\n\t\t\t\t\t\t<span class=\"elementor-button-content-wrapper\">\n\t\t\t\t\t\t\t\t\t<span class=\"elementor-button-text\">Infograf\u00edas<\/span>\n\t\t\t\t\t<\/span>\n\t\t\t\t\t<\/a>\n\t\t\t\t\t\t\t\t<\/div>\n\t\t\t\t<div class=\"elementor-element elementor-element-e936f10 elementor-widget elementor-widget-button\" data-id=\"e936f10\" data-element_type=\"widget\" data-e-type=\"widget\" data-widget_type=\"button.default\">\n\t\t\t\t\t\t\t\t\t\t<a class=\"elementor-button elementor-button-link elementor-size-sm\" href=\"https:\/\/quantia.es\/videos\/\">\n\t\t\t\t\t\t<span class=\"elementor-button-content-wrapper\">\n\t\t\t\t\t\t\t\t\t<span class=\"elementor-button-text\">Videos<\/span>\n\t\t\t\t\t<\/span>\n\t\t\t\t\t<\/a>\n\t\t\t\t\t\t\t\t<\/div>\n\t\t\t\t<div class=\"elementor-element elementor-element-21cee37 elementor-widget elementor-widget-button\" data-id=\"21cee37\" data-element_type=\"widget\" data-e-type=\"widget\" data-widget_type=\"button.default\">\n\t\t\t\t\t\t\t\t\t\t<a class=\"elementor-button elementor-button-link elementor-size-sm\" href=\"https:\/\/quantia.es\/ebooks\/\">\n\t\t\t\t\t\t<span class=\"elementor-button-content-wrapper\">\n\t\t\t\t\t\t\t\t\t<span class=\"elementor-button-text\">eBooks<\/span>\n\t\t\t\t\t<\/span>\n\t\t\t\t\t<\/a>\n\t\t\t\t\t\t\t\t<\/div>\n\t\t\t\t<div class=\"elementor-element elementor-element-6facc94 elementor-widget elementor-widget-button\" data-id=\"6facc94\" data-element_type=\"widget\" data-e-type=\"widget\" data-widget_type=\"button.default\">\n\t\t\t\t\t\t\t\t\t\t<a class=\"elementor-button elementor-button-link elementor-size-sm\" href=\"https:\/\/quantia.es\/casos-de-exito\/\">\n\t\t\t\t\t\t<span class=\"elementor-button-content-wrapper\">\n\t\t\t\t\t\t\t\t\t<span class=\"elementor-button-text\">Casos de \u00e9xito<\/span>\n\t\t\t\t\t<\/span>\n\t\t\t\t\t<\/a>\n\t\t\t\t\t\t\t\t<\/div>\n\t\t\t\t<\/div>\n\t\t\t\t\t<\/div>\n\t\t\t\t<\/div>\n\t\t<div class=\"elementor-element elementor-element-b326adf e-con-full e-flex e-con e-child\" data-id=\"b326adf\" data-element_type=\"container\" data-e-type=\"container\" data-settings=\"{&quot;position&quot;:&quot;absolute&quot;}\">\n\t\t\t\t<div class=\"elementor-element elementor-element-014ff7b elementor-widget elementor-widget-image\" data-id=\"014ff7b\" data-element_type=\"widget\" data-e-type=\"widget\" data-widget_type=\"image.default\">\n\t\t\t\t\t\t\t\t\t\t\t\t\t\t\t<img decoding=\"async\" width=\"1\" height=\"1\" src=\"https:\/\/quantia.es\/wp-content\/uploads\/2025\/08\/Rectangle-scroll-2.svg\" class=\"attachment-large size-large wp-image-556\" alt=\"\" \/>\t\t\t\t\t\t\t\t\t\t\t\t\t\t\t<\/div>\n\t\t\t\t<div class=\"elementor-element elementor-element-0810fd7 elementor-widget elementor-widget-heading\" data-id=\"0810fd7\" data-element_type=\"widget\" data-e-type=\"widget\" data-widget_type=\"heading.default\">\n\t\t\t\t\t<p class=\"elementor-heading-title elementor-size-default\">Scroll para explorar<\/p>\t\t\t\t<\/div>\n\t\t\t\t<\/div>\n\t\t\t\t<\/div>\n\t\t<div class=\"elementor-element elementor-element-03ae8a1 e-con-full e-flex elementor-invisible e-con e-child\" data-id=\"03ae8a1\" data-element_type=\"container\" data-e-type=\"container\" data-settings=\"{&quot;animation&quot;:&quot;fadeIn&quot;,&quot;animation_delay&quot;:200}\">\n\t\t<div class=\"elementor-element elementor-element-16ddf63 e-con-full e-flex e-con e-child\" data-id=\"16ddf63\" data-element_type=\"container\" data-e-type=\"container\">\n\t\t<div class=\"elementor-element elementor-element-23c32c6 e-con-full e-flex e-con e-child\" data-id=\"23c32c6\" data-element_type=\"container\" data-e-type=\"container\" data-settings=\"{&quot;background_background&quot;:&quot;classic&quot;}\">\n\t\t\t\t<div class=\"elementor-element elementor-element-a0164f2 elementor-widget elementor-widget-image\" data-id=\"a0164f2\" data-element_type=\"widget\" data-e-type=\"widget\" data-widget_type=\"image.default\">\n\t\t\t\t\t\t\t\t\t\t\t\t\t\t\t<img decoding=\"async\" width=\"61\" height=\"61\" src=\"https:\/\/quantia.es\/wp-content\/uploads\/2025\/08\/svg2172-1.svg\" class=\"attachment-large size-large wp-image-1526\" alt=\"\" \/>\t\t\t\t\t\t\t\t\t\t\t\t\t\t\t<\/div>\n\t\t\t\t<\/div>\n\t\t\t\t<\/div>\n\t\t<div class=\"elementor-element elementor-element-0d1e9f1 e-con-full e-flex e-con e-child\" data-id=\"0d1e9f1\" data-element_type=\"container\" data-e-type=\"container\">\n\t\t\t\t<div class=\"elementor-element elementor-element-25e9cb1 elementor-widget elementor-widget-image\" data-id=\"25e9cb1\" data-element_type=\"widget\" data-e-type=\"widget\" data-widget_type=\"image.default\">\n\t\t\t\t\t\t\t\t\t\t\t\t\t\t\t<img fetchpriority=\"high\" decoding=\"async\" width=\"635\" height=\"1024\" src=\"https:\/\/quantia.es\/wp-content\/uploads\/2025\/08\/Rectangle-26_5_11zon.webp\" class=\"attachment-large size-large wp-image-1518\" alt=\"\" srcset=\"https:\/\/quantia.es\/wp-content\/uploads\/2025\/08\/Rectangle-26_5_11zon.webp 636w, https:\/\/quantia.es\/wp-content\/uploads\/2025\/08\/Rectangle-26_5_11zon-186x300.webp 186w\" sizes=\"(max-width: 635px) 100vw, 635px\" \/>\t\t\t\t\t\t\t\t\t\t\t\t\t\t\t<\/div>\n\t\t\t\t<\/div>\n\t\t\t\t<\/div>\n\t\t\t\t\t<\/div>\n\t\t\t\t<\/div>\n\t\t<div class=\"elementor-element elementor-element-20198cb e-flex e-con-boxed e-con e-parent\" data-id=\"20198cb\" data-element_type=\"container\" data-e-type=\"container\">\n\t\t\t\t\t<div class=\"e-con-inner\">\n\t\t\t\t<div class=\"elementor-element elementor-element-c676f83 elementor-widget elementor-widget-spacer\" data-id=\"c676f83\" data-element_type=\"widget\" data-e-type=\"widget\" data-widget_type=\"spacer.default\">\n\t\t\t\t\t\t\t<div class=\"elementor-spacer\">\n\t\t\t<div class=\"elementor-spacer-inner\"><\/div>\n\t\t<\/div>\n\t\t\t\t\t\t<\/div>\n\t\t\t\t\t<\/div>\n\t\t\t\t<\/div>\n\t\t<div class=\"elementor-element elementor-element-e69a9e0 e-flex e-con-boxed elementor-invisible e-con e-parent\" data-id=\"e69a9e0\" data-element_type=\"container\" data-e-type=\"container\" data-settings=\"{&quot;animation&quot;:&quot;fadeIn&quot;}\">\n\t\t\t\t\t<div class=\"e-con-inner\">\n\t\t<div class=\"elementor-element elementor-element-f3bfc70 e-con-full e-flex e-con e-child\" data-id=\"f3bfc70\" data-element_type=\"container\" data-e-type=\"container\">\n\t\t\t\t<\/div>\n\t\t\t\t<div class=\"elementor-element elementor-element-3e1fed7 elementor-widget elementor-widget-jet-listing-grid\" data-id=\"3e1fed7\" data-element_type=\"widget\" data-e-type=\"widget\" id=\"content\" data-settings=\"{&quot;columns&quot;:3,&quot;columns_tablet&quot;:&quot;2&quot;,&quot;columns_mobile&quot;:&quot;1&quot;}\" data-widget_type=\"jet-listing-grid.default\">\n\t\t\t\t\t<div class=\"jet-listing-grid jet-listing\"><div class=\"jet-listing-grid__items grid-col-desk-3 grid-col-tablet-2 grid-col-mobile-1 jet-listing-grid--1400\" data-queried-id=\"1476|WP_Post\" data-nav=\"{&quot;enabled&quot;:false,&quot;type&quot;:null,&quot;more_el&quot;:null,&quot;query&quot;:[],&quot;widget_settings&quot;:{&quot;lisitng_id&quot;:1400,&quot;posts_num&quot;:30,&quot;columns&quot;:3,&quot;columns_tablet&quot;:2,&quot;columns_mobile&quot;:1,&quot;column_min_width&quot;:240,&quot;column_min_width_tablet&quot;:240,&quot;column_min_width_mobile&quot;:240,&quot;inline_columns_css&quot;:false,&quot;is_archive_template&quot;:&quot;&quot;,&quot;post_status&quot;:[&quot;publish&quot;],&quot;use_random_posts_num&quot;:&quot;&quot;,&quot;max_posts_num&quot;:9,&quot;not_found_message&quot;:&quot;No data was found&quot;,&quot;is_masonry&quot;:false,&quot;equal_columns_height&quot;:&quot;&quot;,&quot;use_load_more&quot;:&quot;&quot;,&quot;load_more_id&quot;:&quot;&quot;,&quot;load_more_type&quot;:&quot;click&quot;,&quot;load_more_offset&quot;:{&quot;unit&quot;:&quot;px&quot;,&quot;size&quot;:0,&quot;sizes&quot;:[]},&quot;use_custom_post_types&quot;:&quot;&quot;,&quot;custom_post_types&quot;:[],&quot;hide_widget_if&quot;:&quot;&quot;,&quot;carousel_enabled&quot;:&quot;&quot;,&quot;slides_to_scroll&quot;:&quot;1&quot;,&quot;arrows&quot;:&quot;true&quot;,&quot;arrow_icon&quot;:&quot;fa fa-angle-left&quot;,&quot;dots&quot;:&quot;&quot;,&quot;autoplay&quot;:&quot;true&quot;,&quot;pause_on_hover&quot;:&quot;true&quot;,&quot;autoplay_speed&quot;:5000,&quot;infinite&quot;:&quot;true&quot;,&quot;center_mode&quot;:&quot;&quot;,&quot;effect&quot;:&quot;slide&quot;,&quot;speed&quot;:500,&quot;inject_alternative_items&quot;:&quot;&quot;,&quot;injection_items&quot;:[],&quot;scroll_slider_enabled&quot;:&quot;&quot;,&quot;scroll_slider_on&quot;:[&quot;desktop&quot;,&quot;tablet&quot;,&quot;mobile&quot;],&quot;custom_query&quot;:false,&quot;custom_query_id&quot;:&quot;&quot;,&quot;_element_id&quot;:&quot;content&quot;,&quot;collapse_first_last_gap&quot;:false,&quot;list_tag_selection&quot;:&quot;&quot;,&quot;list_items_wrapper_tag&quot;:&quot;div&quot;,&quot;list_item_tag&quot;:&quot;div&quot;,&quot;empty_items_wrapper_tag&quot;:&quot;div&quot;}}\" data-page=\"1\" data-pages=\"1\" data-listing-source=\"posts\" data-listing-id=\"1400\" data-query-id=\"\"><div class=\"jet-listing-grid__item jet-listing-dynamic-post-4199\" data-post-id=\"4199\"  ><style type=\"text\/css\">.jet-listing-dynamic-post-4199 .elementor-element.elementor-element-b9ce48a:not(.elementor-motion-effects-element-type-background), .jet-listing-dynamic-post-4199 .elementor-element.elementor-element-b9ce48a > .elementor-motion-effects-container > .elementor-motion-effects-layer{background-image:url(\"https:\/\/quantia.es\/wp-content\/uploads\/2025\/08\/Frame-5964_34_11zon.webp\");}<\/style>\t\t<div data-elementor-type=\"jet-listing-items\" data-elementor-id=\"1400\" class=\"elementor elementor-1400\" data-elementor-post-type=\"jet-engine\">\n\t\t\t\t<a class=\"elementor-element elementor-element-b9ce48a contenedor-contenido e-flex e-con-boxed e-con e-parent\" data-id=\"b9ce48a\" data-element_type=\"container\" data-e-type=\"container\" data-settings=\"{&quot;background_background&quot;:&quot;classic&quot;}\" href=\"https:\/\/quantia.es\/en\/del-dato-al-conocimiento-como-usar-llm-rag-para-potenciar-la-gestion-empresarial\/\">\n\t\t\t\t\t<div class=\"e-con-inner\">\n\t\t<div class=\"elementor-element elementor-element-14e6fbe e-con-full contenedor-hover e-flex e-con e-child\" data-id=\"14e6fbe\" data-element_type=\"container\" data-e-type=\"container\">\n\t\t<div class=\"elementor-element elementor-element-fef82e4 e-con-full e-flex e-con e-child\" data-id=\"fef82e4\" data-element_type=\"container\" data-e-type=\"container\">\n\t\t\t\t<div class=\"elementor-element elementor-element-6f0b6ed entrada-titulo elementor-widget__width-initial elementor-widget-mobile__width-initial elementor-widget elementor-widget-heading\" data-id=\"6f0b6ed\" data-element_type=\"widget\" data-e-type=\"widget\" data-widget_type=\"heading.default\">\n\t\t\t\t\t<h5 class=\"elementor-heading-title elementor-size-default\">Del dato al conocimiento: c\u00f3mo usar LLM + RAG para potenciar la gesti\u00f3n empresarial<\/h5>\t\t\t\t<\/div>\n\t\t\t\t<div class=\"elementor-element elementor-element-ab135a6 icon-entrada elementor-widget elementor-widget-image\" data-id=\"ab135a6\" data-element_type=\"widget\" data-e-type=\"widget\" data-widget_type=\"image.default\">\n\t\t\t\t\t\t\t\t\t\t\t\t\t\t\t<img loading=\"lazy\" decoding=\"async\" width=\"1\" height=\"1\" src=\"https:\/\/quantia.es\/wp-content\/uploads\/2025\/08\/Arrow-button.svg\" class=\"attachment-large size-large wp-image-245\" alt=\"\" \/>\t\t\t\t\t\t\t\t\t\t\t\t\t\t\t<\/div>\n\t\t\t\t<\/div>\n\t\t\t\t<div class=\"elementor-element elementor-element-58403dc resumen-contenido elementor-widget elementor-widget-text-editor\" data-id=\"58403dc\" data-element_type=\"widget\" data-e-type=\"widget\" data-widget_type=\"text-editor.default\">\n\t\t\t\t\t\t\t\t\tVivimos en una era donde los datos son abundantes, pero el verdadero valor est\u00e1 en transformarlos en\u00a0conocimiento \u00fatil y aplicable.\t\t\t\t\t\t\t\t<\/div>\n\t\t\t\t<\/div>\n\t\t\t\t\t<\/div>\n\t\t\t\t<\/a>\n\t\t\t\t<\/div>\n\t\t<\/div><div class=\"jet-listing-grid__item jet-listing-dynamic-post-907\" data-post-id=\"907\"  ><style type=\"text\/css\">.jet-listing-dynamic-post-907 .elementor-element.elementor-element-b9ce48a:not(.elementor-motion-effects-element-type-background), .jet-listing-dynamic-post-907 .elementor-element.elementor-element-b9ce48a > .elementor-motion-effects-container > .elementor-motion-effects-layer{background-image:url(\"https:\/\/quantia.es\/wp-content\/uploads\/2025\/08\/Frame-5965_35_11zon.webp\");}<\/style>\t\t<div data-elementor-type=\"jet-listing-items\" data-elementor-id=\"1400\" class=\"elementor elementor-1400\" data-elementor-post-type=\"jet-engine\">\n\t\t\t\t<a class=\"elementor-element elementor-element-b9ce48a contenedor-contenido e-flex e-con-boxed e-con e-parent\" data-id=\"b9ce48a\" data-element_type=\"container\" data-e-type=\"container\" data-settings=\"{&quot;background_background&quot;:&quot;classic&quot;}\" href=\"https:\/\/quantia.es\/en\/8-razones-claves-para-implementar-una-gestion-de-activos-eficiente\/\">\n\t\t\t\t\t<div class=\"e-con-inner\">\n\t\t<div class=\"elementor-element elementor-element-14e6fbe e-con-full contenedor-hover e-flex e-con e-child\" data-id=\"14e6fbe\" data-element_type=\"container\" data-e-type=\"container\">\n\t\t<div class=\"elementor-element elementor-element-fef82e4 e-con-full e-flex e-con e-child\" data-id=\"fef82e4\" data-element_type=\"container\" data-e-type=\"container\">\n\t\t\t\t<div class=\"elementor-element elementor-element-6f0b6ed entrada-titulo elementor-widget__width-initial elementor-widget-mobile__width-initial elementor-widget elementor-widget-heading\" data-id=\"6f0b6ed\" data-element_type=\"widget\" data-e-type=\"widget\" data-widget_type=\"heading.default\">\n\t\t\t\t\t<h5 class=\"elementor-heading-title elementor-size-default\">8 razones claves para implementar una gesti\u00f3n de activos eficiente<\/h5>\t\t\t\t<\/div>\n\t\t\t\t<div class=\"elementor-element elementor-element-ab135a6 icon-entrada elementor-widget elementor-widget-image\" data-id=\"ab135a6\" data-element_type=\"widget\" data-e-type=\"widget\" data-widget_type=\"image.default\">\n\t\t\t\t\t\t\t\t\t\t\t\t\t\t\t<img loading=\"lazy\" decoding=\"async\" width=\"1\" height=\"1\" src=\"https:\/\/quantia.es\/wp-content\/uploads\/2025\/08\/Arrow-button.svg\" class=\"attachment-large size-large wp-image-245\" alt=\"\" \/>\t\t\t\t\t\t\t\t\t\t\t\t\t\t\t<\/div>\n\t\t\t\t<\/div>\n\t\t\t\t<div class=\"elementor-element elementor-element-58403dc resumen-contenido elementor-widget elementor-widget-text-editor\" data-id=\"58403dc\" data-element_type=\"widget\" data-e-type=\"widget\" data-widget_type=\"text-editor.default\">\n\t\t\t\t\t\t\t\t\tConoce los beneficios reales de digitalizar la gesti\u00f3n de activos y c\u00f3mo impacta en la eficiencia operativa.\t\t\t\t\t\t\t\t<\/div>\n\t\t\t\t<\/div>\n\t\t\t\t\t<\/div>\n\t\t\t\t<\/a>\n\t\t\t\t<\/div>\n\t\t<\/div><div class=\"jet-listing-grid__item jet-listing-dynamic-post-906\" data-post-id=\"906\"  ><style type=\"text\/css\">.jet-listing-dynamic-post-906 .elementor-element.elementor-element-b9ce48a:not(.elementor-motion-effects-element-type-background), .jet-listing-dynamic-post-906 .elementor-element.elementor-element-b9ce48a > .elementor-motion-effects-container > .elementor-motion-effects-layer{background-image:url(\"https:\/\/quantia.es\/wp-content\/uploads\/2025\/08\/Frame-5954_28_11zon.webp\");}<\/style>\t\t<div data-elementor-type=\"jet-listing-items\" data-elementor-id=\"1400\" class=\"elementor elementor-1400\" data-elementor-post-type=\"jet-engine\">\n\t\t\t\t<a class=\"elementor-element elementor-element-b9ce48a contenedor-contenido e-flex e-con-boxed e-con e-parent\" data-id=\"b9ce48a\" data-element_type=\"container\" data-e-type=\"container\" data-settings=\"{&quot;background_background&quot;:&quot;classic&quot;}\" href=\"https:\/\/quantia.es\/en\/la-la-esta-revolucionando-el-mantenimiento-predictivo\/\">\n\t\t\t\t\t<div class=\"e-con-inner\">\n\t\t<div class=\"elementor-element elementor-element-14e6fbe e-con-full contenedor-hover e-flex e-con e-child\" data-id=\"14e6fbe\" data-element_type=\"container\" data-e-type=\"container\">\n\t\t<div class=\"elementor-element elementor-element-fef82e4 e-con-full e-flex e-con e-child\" data-id=\"fef82e4\" data-element_type=\"container\" data-e-type=\"container\">\n\t\t\t\t<div class=\"elementor-element elementor-element-6f0b6ed entrada-titulo elementor-widget__width-initial elementor-widget-mobile__width-initial elementor-widget elementor-widget-heading\" data-id=\"6f0b6ed\" data-element_type=\"widget\" data-e-type=\"widget\" data-widget_type=\"heading.default\">\n\t\t\t\t\t<h5 class=\"elementor-heading-title elementor-size-default\">C\u00f3mo la inteligencia artificial est\u00e1 revolucionando el mantenimiento predictivo<\/h5>\t\t\t\t<\/div>\n\t\t\t\t<div class=\"elementor-element elementor-element-ab135a6 icon-entrada elementor-widget elementor-widget-image\" data-id=\"ab135a6\" data-element_type=\"widget\" data-e-type=\"widget\" data-widget_type=\"image.default\">\n\t\t\t\t\t\t\t\t\t\t\t\t\t\t\t<img loading=\"lazy\" decoding=\"async\" width=\"1\" height=\"1\" src=\"https:\/\/quantia.es\/wp-content\/uploads\/2025\/08\/Arrow-button.svg\" class=\"attachment-large size-large wp-image-245\" alt=\"\" \/>\t\t\t\t\t\t\t\t\t\t\t\t\t\t\t<\/div>\n\t\t\t\t<\/div>\n\t\t\t\t<div class=\"elementor-element elementor-element-58403dc resumen-contenido elementor-widget elementor-widget-text-editor\" data-id=\"58403dc\" data-element_type=\"widget\" data-e-type=\"widget\" data-widget_type=\"text-editor.default\">\n\t\t\t\t\t\t\t\t\tEn un mundo donde la eficiencia operativa marca la diferencia, el mantenimiento predictivo se ha convertido en una herramienta clave para las industrias. \t\t\t\t\t\t\t\t<\/div>\n\t\t\t\t<\/div>\n\t\t\t\t\t<\/div>\n\t\t\t\t<\/a>\n\t\t\t\t<\/div>\n\t\t<\/div><\/div><\/div>\t\t\t\t<\/div>\n\t\t\t\t\t<\/div>\n\t\t\t\t<\/div>\n\t\t<div class=\"elementor-element elementor-element-9da6d20 e-flex e-con-boxed e-con e-parent\" data-id=\"9da6d20\" data-element_type=\"container\" data-e-type=\"container\">\n\t\t\t\t\t<div class=\"e-con-inner\">\n\t\t\t\t<div class=\"elementor-element elementor-element-bf6f60b elementor-widget elementor-widget-spacer\" data-id=\"bf6f60b\" data-element_type=\"widget\" data-e-type=\"widget\" data-widget_type=\"spacer.default\">\n\t\t\t\t\t\t\t<div class=\"elementor-spacer\">\n\t\t\t<div class=\"elementor-spacer-inner\"><\/div>\n\t\t<\/div>\n\t\t\t\t\t\t<\/div>\n\t\t\t\t\t<\/div>\n\t\t\t\t<\/div>\n\t\t<div class=\"elementor-element elementor-element-3895988 e-flex e-con-boxed elementor-invisible e-con e-parent\" data-id=\"3895988\" data-element_type=\"container\" data-e-type=\"container\" data-settings=\"{&quot;background_background&quot;:&quot;gradient&quot;,&quot;animation&quot;:&quot;fadeIn&quot;}\">\n\t\t\t\t\t<div class=\"e-con-inner\">\n\t\t<div class=\"elementor-element elementor-element-e0bba61 e-con-full e-flex elementor-invisible e-con e-child\" data-id=\"e0bba61\" data-element_type=\"container\" data-e-type=\"container\" data-settings=\"{&quot;background_background&quot;:&quot;classic&quot;,&quot;animation&quot;:&quot;fadeIn&quot;}\">\n\t\t<div class=\"elementor-element elementor-element-6d70e76 e-con-full e-flex e-con e-child\" data-id=\"6d70e76\" data-element_type=\"container\" data-e-type=\"container\">\n\t\t<div class=\"elementor-element elementor-element-ee8eecc e-con-full e-flex e-con e-child\" data-id=\"ee8eecc\" data-element_type=\"container\" data-e-type=\"container\">\n\t\t\t\t<div class=\"elementor-element elementor-element-24d9534 elementor-widget elementor-widget-heading\" data-id=\"24d9534\" data-element_type=\"widget\" data-e-type=\"widget\" data-widget_type=\"heading.default\">\n\t\t\t\t\t<h3 class=\"elementor-heading-title elementor-size-default\">\u00a1Mantente a la vanguardia en digitalizaci\u00f3n de infraestructuras!<\/h3>\t\t\t\t<\/div>\n\t\t\t\t<\/div>\n\t\t<div class=\"elementor-element elementor-element-dda3282 e-con-full e-flex e-con e-child\" data-id=\"dda3282\" data-element_type=\"container\" data-e-type=\"container\">\n\t\t\t\t<div class=\"elementor-element elementor-element-267b73b elementor-widget elementor-widget-text-editor\" data-id=\"267b73b\" data-element_type=\"widget\" data-e-type=\"widget\" data-widget_type=\"text-editor.default\">\n\t\t\t\t\t\t\t\t\t<p>Recibe las \u00faltimas novedades, casos de \u00e9xito y tendencias en nuestra newsletter.<\/p>\t\t\t\t\t\t\t\t<\/div>\n\t\t\t\t<div class=\"elementor-element elementor-element-1eca93c elementor-widget__width-inherit elementor-button-align-stretch elementor-widget elementor-widget-form\" data-id=\"1eca93c\" data-element_type=\"widget\" data-e-type=\"widget\" data-settings=\"{&quot;button_width&quot;:&quot;40&quot;,&quot;step_next_label&quot;:&quot;Siguiente&quot;,&quot;step_previous_label&quot;:&quot;Anterior&quot;,&quot;step_type&quot;:&quot;number_text&quot;,&quot;step_icon_shape&quot;:&quot;circle&quot;}\" data-widget_type=\"form.default\">\n\t\t\t\t\t\t\t<form class=\"elementor-form\" method=\"post\" name=\"Nuevo formulario\" aria-label=\"Nuevo formulario\">\n\t\t\t<input type=\"hidden\" name=\"post_id\" value=\"1476\"\/>\n\t\t\t<input type=\"hidden\" name=\"form_id\" value=\"1eca93c\"\/>\n\t\t\t<input type=\"hidden\" name=\"referer_title\" value=\"Blog\" \/>\n\n\t\t\t\t\t\t\t<input type=\"hidden\" name=\"queried_id\" value=\"1476\"\/>\n\t\t\t\n\t\t\t<div class=\"elementor-form-fields-wrapper elementor-labels-above\">\n\t\t\t\t\t\t\t\t<div class=\"elementor-field-type-email elementor-field-group elementor-column elementor-field-group-email elementor-col-60 elementor-field-required\">\n\t\t\t\t\t\t\t\t\t\t\t\t\t<input size=\"1\" type=\"email\" name=\"form_fields[email]\" id=\"form-field-email\" class=\"elementor-field elementor-size-sm  elementor-field-textual\" placeholder=\"Escribe aqu\u00ed tu email\" required=\"required\">\n\t\t\t\t\t\t\t\t\t\t\t<\/div>\n\t\t\t\t\t\t\t\t<div class=\"elementor-field-group elementor-column elementor-field-type-submit elementor-col-40 e-form__buttons\">\n\t\t\t\t\t<button class=\"elementor-button elementor-size-sm\" type=\"submit\">\n\t\t\t\t\t\t<span class=\"elementor-button-content-wrapper\">\n\t\t\t\t\t\t\t\t\t\t\t\t\t\t\t\t\t\t\t\t\t\t<span class=\"elementor-button-text\">Cont\u00e1ctanos<\/span>\n\t\t\t\t\t\t\t\t\t\t\t\t\t<\/span>\n\t\t\t\t\t<\/button>\n\t\t\t\t<\/div>\n\t\t\t<\/div>\n\t\t<\/form>\n\t\t\t\t\t\t<\/div>\n\t\t\t\t<\/div>\n\t\t\t\t<\/div>\n\t\t\t\t<\/div>\n\t\t\t\t\t<\/div>\n\t\t\t\t<\/div>\n\t\t\t\t<\/div>\n\t\t","protected":false},"excerpt":{"rendered":"<p>Blog Compartimos lo que sabemos para que tomes mejores decisiones. Aqu\u00ed encuentras los recursos que te acompa\u00f1an en ese camino. Blog Infograf\u00edas Videos eBooks Casos de \u00e9xito Scroll para explorar OrdenarA-ZZ-AM\u00e1s recienteM\u00e1s antiguos \u00a1Mantente a la vanguardia en digitalizaci\u00f3n de infraestructuras! Recibe las \u00faltimas novedades, casos de \u00e9xito y tendencias en nuestra newsletter.<\/p>","protected":false},"author":3,"featured_media":0,"parent":0,"menu_order":0,"comment_status":"closed","ping_status":"closed","template":"elementor_header_footer","meta":{"footnotes":""},"class_list":["post-1476","page","type-page","status-publish","hentry"],"_links":{"self":[{"href":"https:\/\/quantia.es\/en\/wp-json\/wp\/v2\/pages\/1476","targetHints":{"allow":["GET"]}}],"collection":[{"href":"https:\/\/quantia.es\/en\/wp-json\/wp\/v2\/pages"}],"about":[{"href":"https:\/\/quantia.es\/en\/wp-json\/wp\/v2\/types\/page"}],"author":[{"embeddable":true,"href":"https:\/\/quantia.es\/en\/wp-json\/wp\/v2\/users\/3"}],"replies":[{"embeddable":true,"href":"https:\/\/quantia.es\/en\/wp-json\/wp\/v2\/comments?post=1476"}],"version-history":[{"count":40,"href":"https:\/\/quantia.es\/en\/wp-json\/wp\/v2\/pages\/1476\/revisions"}],"predecessor-version":[{"id":4479,"href":"https:\/\/quantia.es\/en\/wp-json\/wp\/v2\/pages\/1476\/revisions\/4479"}],"wp:attachment":[{"href":"https:\/\/quantia.es\/en\/wp-json\/wp\/v2\/media?parent=1476"}],"curies":[{"name":"wp","href":"https:\/\/api.w.org\/{rel}","templated":true}]}}